{"id":10054,"date":"2024-08-08T13:04:54","date_gmt":"2024-08-08T11:04:54","guid":{"rendered":"https:\/\/www.emma-pf.de\/?page_id=10054"},"modified":"2024-08-08T13:47:57","modified_gmt":"2024-08-08T11:47:57","slug":"elisa-lutteral","status":"publish","type":"page","link":"https:\/\/www.emma-pf.de\/en\/elisa-lutteral\/","title":{"rendered":"Elisa Lutteral"},"content":{"rendered":"Array<nav id=\"section-mzgr-submenu-1\">\n\t<div class=\"col-sm-12 col-md-8 mzgr-submenu-container\">\n\t\t<ul class=\"mzgr-submenu emma-font text-size-1\">\n\t\t\t<li>\n\t\t\t\t<span class=\"purple\">Elisa Lutteral<\/span><span>, <\/span>\n\t\t\t<\/li>\n\t\t\t\t\t\t<li class=\"\">\n\t\t\t\t\t\t\t\t\t<a href=\"https:\/\/www.emma-pf.de\/en\/jahrgang-2024\/\">2024<\/a><span>, <\/span>\t\t\t<\/li>\n\t\t\t\t\t\t<li class=\"\">\n\t\t\t\t\t\t\t\t\t<a href=\"https:\/\/www.emma-pf.de\/en\/jury-2024\/\">Jury 2024<\/a><span>, <\/span>\t\t\t<\/li>\n\t\t\t\t\t\t<li class=\"\">\n\t\t\t\t\t\t\t\t\t<a href=\"https:\/\/www.emma-pf.de\/en\/9497-2\/\">Alejandra Alarc\u00f3n<\/a><span>, <\/span>\t\t\t<\/li>\n\t\t\t\t\t\t<li class=\" current_page_item\">\n\t\t\t\t<h1 class=\"text-size-1\">\t\t\t\t\t<a href=\"https:\/\/www.emma-pf.de\/en\/elisa-lutteral\/\">Elisa Lutteral<\/a><span>, <\/span><\/h1>\t\t\t<\/li>\n\t\t\t\t\t\t<li class=\"\">\n\t\t\t\t\t\t\t\t\t<a href=\"https:\/\/www.emma-pf.de\/en\/simon-rogalla\/\">Simon Rogalla<\/a>\t\t\t<\/li>\n\t\t\t\t\t<\/ul>\n\t\t<div class=\"clearfix\"><\/div>\n\t<\/div>\n<\/nav>\n<section id=\"mzgr-accordion-designer-in-residence-new-2\" class=\"mzgr-accordion-designer-in-residence-new\">\n\t<div class=\"col-sm-12 col-md-8\">\n\t\t\t\t\t\t\t<article>\n\t\t\t\t<a href=\"#\" class=\"toggle-accordion-new\" data-target=\"#element-mzgr-accordion-designer-in-residence-new-2-1\"><i class=\"text-size-1 fa fa-chevron-up\"><\/i> <span class=\"emma-font text-size-1 black\">Topographies of Delusional Immortality (Topografien des Unsterblichkeitswahns) <\/span><\/a>\n\t\t\t\t<div id=\"element-mzgr-accordion-designer-in-residence-new-2-1\" class=\"accordion-content\" style=\"display: block;\">\n\t\t\t\t\t\t<div style=\"height:30px\"><\/div><div class=\"content-text\"><p>Topographies of Delusional Immortality erforscht die symbolischen Repr\u00e4sentationen von Macht und die konstruierten Strukturen, welche die patriarchalische Besessenheit der Menschheit von Dauerhaftigkeit und das Aufbegehren gegen die Zeit widerspiegeln. Die Auseinandersetzung damit erfolgt anhand von Denkm\u00e4lern, Sockeln und Mausoleen &#8211; Strukturen, die Stabilit\u00e4t, Best\u00e4ndigkeit und Ausdauer verk\u00f6rpern. Diese Formen zeugen von den Bem\u00fchungen des Menschen, die Kr\u00e4fte der Natur zu bek\u00e4mpfen und die Herrschaft \u00fcber die Zeit zu erlangen. Sie erinnern an das Streben der antiken Alchemisten nach Unsterblichkeit durch die Verwandlung von unedlen Metallen in Gold. Aus einem anthropozentrischen Blickwinkel verweisen die Skulpturen auf Frankensteins Gesch\u00f6pfe, die durch elektrischen Strom &#8222;zum Leben erweckt&#8220; wurden. In diesem Werk symbolisiert das Zusammenspiel von Leinenfasern und Metall eine Umkehrung der traditionellen Materialhierarchien. Durch eine alchemistische Verschmelzung verwandeln sich starre Strukturen in flie\u00dfende und biegsame Formen. Diese Verwandlung l\u00e4dt den Betrachter dazu ein, das, was als wertvoll und dauerhaft gilt, neu zu \u00fcberdenken.<\/p>\n<p>&nbsp;<\/p>\n<\/div><div style=\"height:50px\"><\/div><div style=\"position:relative;\"><div id=\"slider1\" class=\"amc-gallery amc_slider\"><div><img decoding=\"async\" src=\"https:\/\/www.emma-pf.de\/wp-content\/uploads\/2024\/08\/26A8093-scaled.jpg\" alt=\"\" style=\"height:600px!important;width:auto!important;\"><p><small class=\"amc_caption\">Photo: Elisa Lutteral \/ Benedikt Adler<\/small><\/p><\/div><div><img decoding=\"async\" src=\"https:\/\/www.emma-pf.de\/wp-content\/uploads\/2024\/08\/26A81041-scaled.jpg\" alt=\"\" style=\"height:600px!important;width:auto!important;\"><p><small class=\"amc_caption\">Photo: Elisa Lutteral \/ Benedikt Adler<\/small><\/p><\/div><div><img decoding=\"async\" src=\"https:\/\/www.emma-pf.de\/wp-content\/uploads\/2024\/08\/20240626-_26A8576-scaled.jpg\" alt=\"\" style=\"height:600px!important;width:auto!important;\"><p><small class=\"amc_caption\">Photo: Elisa Lutteral \/ Benedikt Adler<\/small><\/p><\/div><div><img decoding=\"async\" src=\"https:\/\/www.emma-pf.de\/wp-content\/uploads\/2024\/08\/20240626-_26A8593-scaled.jpg\" alt=\"\" style=\"height:600px!important;width:auto!important;\"><p><small class=\"amc_caption\">Photo: Elisa Lutteral \/ Benedikt Adler<\/small><\/p><\/div><div><img decoding=\"async\" src=\"https:\/\/www.emma-pf.de\/wp-content\/uploads\/2024\/08\/20240626-_26A8600-scaled.jpg\" alt=\"\" style=\"height:600px!important;width:auto!important;\"><p><small class=\"amc_caption\">Photo: Elisa Lutteral \/ Benedikt Adler<\/small><\/p><\/div><div><img decoding=\"async\" src=\"https:\/\/www.emma-pf.de\/wp-content\/uploads\/2024\/08\/20240626-_26A8626-scaled.jpg\" alt=\"\" style=\"height:600px!important;width:auto!important;\"><p><small class=\"amc_caption\">Photo: Elisa Lutteral \/ Benedikt Adler<\/small><\/p><\/div><div><img decoding=\"async\" src=\"https:\/\/www.emma-pf.de\/wp-content\/uploads\/2024\/08\/20240626-_26A8660-scaled.jpg\" alt=\"\" style=\"height:600px!important;width:auto!important;\"><p><small class=\"amc_caption\">Photo: Elisa Lutteral \/ Benedikt Adler<\/small><\/p><\/div><div><img decoding=\"async\" src=\"https:\/\/www.emma-pf.de\/wp-content\/uploads\/2024\/08\/20240626-_26A8795-scaled.jpg\" alt=\"\" style=\"height:600px!important;width:auto!important;\"><p><small class=\"amc_caption\">Photo: Elisa Lutteral \/ Benedikt Adler<\/small><\/p><\/div><div><img decoding=\"async\" src=\"https:\/\/www.emma-pf.de\/wp-content\/uploads\/2024\/08\/20240626-_26A8821-scaled.jpg\" alt=\"\" style=\"height:600px!important;width:auto!important;\"><p><small class=\"amc_caption\">Photo: Elisa Lutteral \/ Benedikt Adler<\/small><\/p><\/div><div><img decoding=\"async\" src=\"https:\/\/www.emma-pf.de\/wp-content\/uploads\/2024\/08\/20240626-_26A8834-scaled.jpg\" alt=\"\" style=\"height:600px!important;width:auto!important;\"><p><small class=\"amc_caption\">Photo: Elisa Lutteral \/ Benedikt Adler<\/small><\/p><\/div><div><img decoding=\"async\" src=\"https:\/\/www.emma-pf.de\/wp-content\/uploads\/2024\/08\/20240626-_26A8729-scaled.jpg\" alt=\"\" style=\"height:600px!important;width:auto!important;\"><p><small class=\"amc_caption\">Photo: Elisa Lutteral \/ Benedikt Adler<\/small><\/p><\/div><div><img decoding=\"async\" src=\"https:\/\/www.emma-pf.de\/wp-content\/uploads\/2024\/08\/20240626-_26A8807-scaled.jpg\" alt=\"\" style=\"height:600px!important;width:auto!important;\"><p><small class=\"amc_caption\">Photo: Elisa Lutteral \/ Benedikt Adler<\/small><\/p><\/div><div><img decoding=\"async\" src=\"https:\/\/www.emma-pf.de\/wp-content\/uploads\/2024\/08\/20240626-_26A8700-scaled.jpg\" alt=\"\" style=\"height:600px!important;width:auto!important;\"><p><small class=\"amc_caption\">Photo: Elisa Lutteral \/ Benedikt Adler<\/small><\/p><\/div><div><img decoding=\"async\" src=\"https:\/\/www.emma-pf.de\/wp-content\/uploads\/2024\/08\/20240626-_26A8732-scaled.jpg\" alt=\"\" style=\"height:600px!important;width:auto!important;\"><p><small class=\"amc_caption\">Photo: Elisa Lutteral \/ Benedikt Adler<\/small><\/p><\/div><\/div><\/div><script type=\"text\/javascript\">\njQuery(document).ready(function($){\n\n    var slider1 = tns({\n        container: '#slider1.amc_slider',\n        controls: true,\n        controlsText: ['<i class=\"fa fa-2x fa-chevron-left\" style=\"color:#000;\"><\/i>', '<i class=\"fa fa-2x fa-chevron-right\" style=\"color:#000;\"><\/i>'],\n        nav: false,\n        autoWidth: true,\n        autoplayButtonOutput: false,\n        autoplay: true,\n        \/\/ items: 1.4,\n        gutter: 30,\n        mouseDrag: true,\n        swipeAngle: false,\n        slideBy: 1,\n        \/\/ navAsThumbnails: true,\n        speed: 400\n    });\n\n});\n<\/script>\n\t\t\t\t<\/div>\n\t\t\t\t<hr>\n\t\t\t<\/article>\n\t\t\t\t\t<article>\n\t\t\t\t<a href=\"#\" class=\"toggle-accordion-new\" data-target=\"#element-mzgr-accordion-designer-in-residence-new-2-15\"><i class=\"text-size-1 fa fa-chevron-up\"><\/i> <span class=\"emma-font text-size-1 black\">Elisa Lutteral<\/span><\/a>\n\t\t\t\t<div id=\"element-mzgr-accordion-designer-in-residence-new-2-15\" class=\"accordion-content\" style=\"display: block;\">\n\t\t\t\t\t\t<div style=\"height:30px\"><\/div><div class=\"content-text\"><p>Die K\u00fcnstlerin Elisa Lutteral stammt aus Argentinien und wohnt und arbeitet derzeit in New York. Sie absolvierte den Master of Fine Arts an der Parsons, New School for Design in New York. Sie war Stipendiatin der Sakat Orimono Residenz in Hirokawa, Fukoka, Japan, 2024 wird sie anschlie\u00dfend an Designers in Residence an der Residenz des Vermont Studio Center in Johnston, Vermont sowie an der NYLAAT Residenz in New York teilnehmen. \u00a0Die Arbeiten von Elisa Lutteral wurden bereits auf der Sonderschau \u201eTalente\u201c in M\u00fcnchen, in der Laguna Mexico in Mexiko Stadt und in der Super Gallery in Wien ausgestellt. Zudem waren ihre Werke in der L Space Gallery, der Picture Theory Gallerx und in der PTM Contemporary in New York zu sehen<\/p>\n<\/div><div style=\"height:50px\"><\/div><div style=\"position:relative;\"><div id=\"slider2\" class=\"amc-gallery amc_slider\"><div><img decoding=\"async\" src=\"https:\/\/www.emma-pf.de\/wp-content\/uploads\/2024\/06\/DSC2610-scaled.jpg\" alt=\"\" style=\"height:600px!important;width:auto!important;\"><p><small class=\"amc_caption\">Foto und Copyright: Winfried Reinhardt\r\n<\/small><\/p><\/div><div><img decoding=\"async\" src=\"https:\/\/www.emma-pf.de\/wp-content\/uploads\/2024\/06\/DSC1517-scaled.jpg\" alt=\"\" style=\"height:600px!important;width:auto!important;\"><p><small class=\"amc_caption\">Foto und Copyright: Winfried Reinhardt\r\n<\/small><\/p><\/div><div><img decoding=\"async\" src=\"https:\/\/www.emma-pf.de\/wp-content\/uploads\/2024\/06\/DSC1550-scaled.jpg\" alt=\"\" style=\"height:600px!important;width:auto!important;\"><p><small class=\"amc_caption\">Foto und Copyright: Winfried Reinhardt\r\n<\/small><\/p><\/div><\/div><\/div><script type=\"text\/javascript\">\njQuery(document).ready(function($){\n\n    var slider2 = tns({\n        container: '#slider2.amc_slider',\n        controls: true,\n        controlsText: ['<i class=\"fa fa-2x fa-chevron-left\" style=\"color:#000;\"><\/i>', '<i class=\"fa fa-2x fa-chevron-right\" style=\"color:#000;\"><\/i>'],\n        nav: false,\n        autoWidth: true,\n        autoplayButtonOutput: false,\n        autoplay: true,\n        \/\/ items: 1.4,\n        gutter: 30,\n        mouseDrag: true,\n        swipeAngle: false,\n        slideBy: 1,\n        \/\/ navAsThumbnails: true,\n        speed: 400\n    });\n\n});\n<\/script>\n\t\t\t\t<\/div>\n\t\t\t\t<hr>\n\t\t\t<\/article>\n\t\t\t\t\t<\/div>\n<\/section>\n","protected":false},"excerpt":{"rendered":"<p>Array Elisa Lutteral, 2024, Jury 2024, Alejandra Alarc\u00f3n, Elisa Lutteral, Simon Rogalla Topographies of Delusional Immortality (Topografien des Unsterblichkeitswahns) Topographies of Delusional Immortality erforscht die symbolischen Repr\u00e4sentationen von Macht und die konstruierten Strukturen, welche die patriarchalische Besessenheit der Menschheit von Dauerhaftigkeit und das Aufbegehren gegen die Zeit widerspiegeln. Die Auseinandersetzung damit erfolgt anhand von Denkm\u00e4lern, [&hellip;]<\/p>\n","protected":false},"author":2,"featured_media":0,"parent":0,"menu_order":1,"comment_status":"closed","ping_status":"closed","template":"","meta":{"_acf_changed":false,"footnotes":""},"class_list":["post-10054","page","type-page","status-publish","hentry"],"acf":[],"_links":{"self":[{"href":"https:\/\/www.emma-pf.de\/en\/wp-json\/wp\/v2\/pages\/10054","targetHints":{"allow":["GET"]}}],"collection":[{"href":"https:\/\/www.emma-pf.de\/en\/wp-json\/wp\/v2\/pages"}],"about":[{"href":"https:\/\/www.emma-pf.de\/en\/wp-json\/wp\/v2\/types\/page"}],"author":[{"embeddable":true,"href":"https:\/\/www.emma-pf.de\/en\/wp-json\/wp\/v2\/users\/2"}],"replies":[{"embeddable":true,"href":"https:\/\/www.emma-pf.de\/en\/wp-json\/wp\/v2\/comments?post=10054"}],"version-history":[{"count":4,"href":"https:\/\/www.emma-pf.de\/en\/wp-json\/wp\/v2\/pages\/10054\/revisions"}],"predecessor-version":[{"id":10143,"href":"https:\/\/www.emma-pf.de\/en\/wp-json\/wp\/v2\/pages\/10054\/revisions\/10143"}],"wp:attachment":[{"href":"https:\/\/www.emma-pf.de\/en\/wp-json\/wp\/v2\/media?parent=10054"}],"curies":[{"name":"wp","href":"https:\/\/api.w.org\/{rel}","templated":true}]}}