{"id":10688,"date":"2025-06-13T16:44:09","date_gmt":"2025-06-13T14:44:09","guid":{"rendered":"https:\/\/www.emma-pf.de\/?page_id=10688"},"modified":"2025-06-13T16:48:59","modified_gmt":"2025-06-13T14:48:59","slug":"projects-2","status":"publish","type":"page","link":"https:\/\/www.emma-pf.de\/en\/kreativwirtschaft-pforzheim\/projekte\/","title":{"rendered":"Projects"},"content":{"rendered":"Array<nav id=\"section-mzgr-submenu-1\">\n\t<div class=\"col-sm-12 col-md-8 mzgr-submenu-container\">\n\t\t<ul class=\"mzgr-submenu emma-font text-size-1\">\n\t\t\t<li>\n\t\t\t\t<span class=\"turquoise\">Kreativwirtschaft Pforzheim<\/span><span>, <\/span>\n\t\t\t<\/li>\n\t\t\t\t\t\t<li class=\"\">\n\t\t\t\t\t\t\t\t\t<a href=\"https:\/\/www.emma-pf.de\/en\/kreativwirtschaft-pforzheim\/fachbereich-kreativwirtschaft\/\">Fachbereich Kreativwirtschaft<\/a><span>, <\/span>\t\t\t<\/li>\n\t\t\t\t\t\t<li class=\" current_page_item\">\n\t\t\t\t<h1 class=\"text-size-1\">\t\t\t\t\t<a href=\"https:\/\/www.emma-pf.de\/en\/kreativwirtschaft-pforzheim\/projekte\/\">Projekte<\/a>\t\t\t<\/li>\n\t\t\t\t\t<\/ul>\n\t\t<div class=\"clearfix\"><\/div>\n\t<\/div>\n<\/nav>\n<section id=\"mzgr-accordion-designer-in-residence-new-2\" class=\"mzgr-accordion-designer-in-residence-new\">\n\t<div class=\"col-sm-12 col-md-8\">\n\t\t\t\t\t\t\t<article>\n\t\t\t\t<a href=\"#\" class=\"toggle-accordion-new\" data-target=\"#element-mzgr-accordion-designer-in-residence-new-2-1\"><i class=\"text-size-1 fa fa-chevron-up\"><\/i> <span class=\"emma-font text-size-1 black\">Creative After Work<\/span><\/a>\n\t\t\t\t<div id=\"element-mzgr-accordion-designer-in-residence-new-2-1\" class=\"accordion-content\" style=\"display: block;\">\n\t\t\t\t\t\t<div class=\"content-text\"><p>Creative After Work ist das Netzwerktreffen f\u00fcr die Kreativwirtschaft in Pforzheim und Region. Jedes der Treffen hat einen thematischen Schwerpunkt. Ein Unternehmen, ein Projekt oder ein f\u00fcr die Kreativwirtschaft relevantes Thema<br \/>\nrund um Trends, KI, PR, Social Media, Online Marketing, Crowdfunding, Storytelling oder Recht werden von Gastreferent*innen pr\u00e4sentiert. So waren bisher etwa Johannes Milla von Milla &amp; Partner, Alexa Pollmann von Peut-Porter,<br \/>\nMichael Meyer von K\u00e4rcher, Christoph Everke von Serviceplan oder Isabelle Possehl von mabottie GmbH zu Gast.<\/p>\n<\/div><div style=\"position:relative;\"><div id=\"slider1\" class=\"amc-gallery amc_slider\"><div><img decoding=\"async\" src=\"https:\/\/www.emma-pf.de\/wp-content\/uploads\/2025\/06\/DSC4385.jpg\" alt=\"\" style=\"height:600px!important;width:auto!important;\"><p><small class=\"amc_caption\">CAW mit Serviceplan<\/small><\/p><\/div><\/div><\/div><script type=\"text\/javascript\">\njQuery(document).ready(function($){\n\n    var slider1 = tns({\n        container: '#slider1.amc_slider',\n        controls: true,\n        controlsText: ['<i class=\"fa fa-2x fa-chevron-left\" style=\"color:#000;\"><\/i>', '<i class=\"fa fa-2x fa-chevron-right\" style=\"color:#000;\"><\/i>'],\n        nav: false,\n        autoWidth: true,\n        autoplayButtonOutput: false,\n        autoplay: true,\n        \/\/ items: 1.4,\n        gutter: 30,\n        mouseDrag: true,\n        swipeAngle: false,\n        slideBy: 1,\n        \/\/ navAsThumbnails: true,\n        speed: 400\n    });\n\n});\n<\/script>\n<div style=\"height:30px\"><\/div>\t\t\t\t<\/div>\n\t\t\t\t<hr>\n\t\t\t<\/article>\n\t\t\t\t\t<article>\n\t\t\t\t<a href=\"#\" class=\"toggle-accordion-new\" data-target=\"#element-mzgr-accordion-designer-in-residence-new-2-2\"><i class=\"text-size-1 fa fa-chevron-up\"><\/i> <span class=\"emma-font text-size-1 black\">Sch\u00f6ne Bescherung<\/span><\/a>\n\t\t\t\t<div id=\"element-mzgr-accordion-designer-in-residence-new-2-2\" class=\"accordion-content\" style=\"display: block;\">\n\t\t\t\t\t\t<div class=\"content-text\"><p>In der stimmungsvollen Atmosph\u00e4re des EMMA \u2013 Kreativzentrum Pforzheim pr\u00e4sentiert der Designmarkt Sch\u00f6ne Bescherung j\u00e4hrlich in der Vorweihnachtszeit hochwertige Weihnachtsgeschenke. Regionale und \u00fcberregionale Designlabels bieten Schmuck, Mode, Taschen, Wohnaccessoires, Keramik oder Papeterie an. Mittlerweile ist die Sch\u00f6ne Bescherung weit \u00fcber Pforzheim hinaus bekannt und lockt j\u00e4hrlich \u00fcber 2000 Besucher*innen ins EMMA.<\/p>\n<\/div><div style=\"position:relative;\"><div id=\"slider2\" class=\"amc-gallery amc_slider\"><div><img decoding=\"async\" src=\"https:\/\/www.emma-pf.de\/wp-content\/uploads\/2025\/06\/EMMA-Schoene-Bescherung-21-11-22_web-31.jpg\" alt=\"\" style=\"height:600px!important;width:auto!important;\"><\/div><\/div><\/div><script type=\"text\/javascript\">\njQuery(document).ready(function($){\n\n    var slider2 = tns({\n        container: '#slider2.amc_slider',\n        controls: true,\n        controlsText: ['<i class=\"fa fa-2x fa-chevron-left\" style=\"color:#000;\"><\/i>', '<i class=\"fa fa-2x fa-chevron-right\" style=\"color:#000;\"><\/i>'],\n        nav: false,\n        autoWidth: true,\n        autoplayButtonOutput: false,\n        autoplay: true,\n        \/\/ items: 1.4,\n        gutter: 30,\n        mouseDrag: true,\n        swipeAngle: false,\n        slideBy: 1,\n        \/\/ navAsThumbnails: true,\n        speed: 400\n    });\n\n});\n<\/script>\n<div style=\"height:30px\"><\/div>\t\t\t\t<\/div>\n\t\t\t\t<hr>\n\t\t\t<\/article>\n\t\t\t\t\t<article>\n\t\t\t\t<a href=\"#\" class=\"toggle-accordion-new\" data-target=\"#element-mzgr-accordion-designer-in-residence-new-2-2\"><i class=\"text-size-1 fa fa-chevron-up\"><\/i> <span class=\"emma-font text-size-1 black\">Designers in Residence<\/span><\/a>\n\t\t\t\t<div id=\"element-mzgr-accordion-designer-in-residence-new-2-2\" class=\"accordion-content\" style=\"display: block;\">\n\t\t\t\t\t\t<div class=\"content-text\"><p>In Kooperation mit der Hochschule Pforzheim und dem Design Center Baden-W\u00fcrttemberg l\u00e4dt die Stadt Pforzheim seit 2016 j\u00e4hrlich im Rahmen des Stipendienprogramms \u00bbDesigners in Residence\u00ab internationale Nachwuchs\u2013designer*innen nach Pforzheim ein. Drei Designer*innen aus den Bereichen Schmuck-, Mode-, Accessoire-, Industrie- und Kommunikationsdesign sowie weiteren Designdisziplinen k\u00f6nnen jeweils von April bis Juni im EMMA \u2013 Kreativzentrum Pforzheim an ihren eigenen Projekten arbeiten, die im Anschluss in einer Ausstellung im EMMA pr\u00e4sentiert werden.<br \/>\nNeben einem Platz in den voll ausgestatteten Werkst\u00e4tten sowie im Coworking-Bereich erhalten die Stipendiat*innen eine kostenfreie Unterkunft, eine monatliche finanzielle Unterst\u00fctzung und einen Materialkostenzuschuss. Dar\u00fcber hinaus k\u00f6nnen die Stipendiat*innen die Infrastruktur der Fakult\u00e4t f\u00fcr Gestaltung der Hochschule Pforzheim nutzen. Im Schnitt bewerben sich \u00fcber 270 Designer*innen aus \u00fcber 50 L\u00e4ndern um ein Stipendium. Die Auswahl trifft eine hochkar\u00e4tig besetzte Jury.<\/p>\n<\/div><div style=\"position:relative;\"><div id=\"slider3\" class=\"amc-gallery amc_slider\"><div><img decoding=\"async\" src=\"https:\/\/www.emma-pf.de\/wp-content\/uploads\/2024\/08\/DSC4726-scaled.jpg\" alt=\"\" style=\"height:600px!important;width:auto!important;\"><p><small class=\"amc_caption\">Ausstellung Designers in Residence 2024<\/small><\/p><\/div><div><img decoding=\"async\" src=\"https:\/\/www.emma-pf.de\/wp-content\/uploads\/2024\/08\/DSC4828-scaled.jpg\" alt=\"\" style=\"height:600px!important;width:auto!important;\"><\/div><\/div><\/div><script type=\"text\/javascript\">\njQuery(document).ready(function($){\n\n    var slider3 = tns({\n        container: '#slider3.amc_slider',\n        controls: true,\n        controlsText: ['<i class=\"fa fa-2x fa-chevron-left\" style=\"color:#000;\"><\/i>', '<i class=\"fa fa-2x fa-chevron-right\" style=\"color:#000;\"><\/i>'],\n        nav: false,\n        autoWidth: true,\n        autoplayButtonOutput: false,\n        autoplay: true,\n        \/\/ items: 1.4,\n        gutter: 30,\n        mouseDrag: true,\n        swipeAngle: false,\n        slideBy: 1,\n        \/\/ navAsThumbnails: true,\n        speed: 400\n    });\n\n});\n<\/script>\n<div style=\"height:30px\"><\/div>\t\t\t\t<\/div>\n\t\t\t\t<hr>\n\t\t\t<\/article>\n\t\t\t\t\t<article>\n\t\t\t\t<a href=\"#\" class=\"toggle-accordion-new\" data-target=\"#element-mzgr-accordion-designer-in-residence-new-2-3\"><i class=\"text-size-1 fa fa-chevron-up\"><\/i> <span class=\"emma-font text-size-1 black\">Alfons & EMMA. Quartiersfest an der Enz<\/span><\/a>\n\t\t\t\t<div id=\"element-mzgr-accordion-designer-in-residence-new-2-3\" class=\"accordion-content\" style=\"display: block;\">\n\t\t\t\t\t\t<div class=\"content-text\"><p>Das Viertel an der Enz zwischen EMMA, Alfons-Kern-Turm (A.K.T;) und der Fakult\u00e4t f\u00fcr Gestaltung ist gepr\u00e4gt von der Vielfalt an Menschen und Kulturen, die hier leben und arbeiten. Daher laden das EMMA, das Caf\u00e9 Roland im A.K.T; die Hochschule Pforzheim sowie die KiTa am Emma-Jaeger-Bad seit 2018 einmal im Jahr zum Quartiersfest an der Enz ein. Ein vielf\u00e4ltiges Programm mit Workshops der Unternehmen im EMMA, Modenschauen, Ausstellungen, Musik und weiteren Aktionen l\u00e4sst die Besucher*innen das Quartier entdecken.<\/p>\n<\/div><div style=\"position:relative;\"><div id=\"slider4\" class=\"amc-gallery amc_slider\"><div><img decoding=\"async\" src=\"https:\/\/www.emma-pf.de\/wp-content\/uploads\/2024\/08\/2024_Emma_Quartierfest_0145-scaled.jpg\" alt=\"\" style=\"height:600px!important;width:auto!important;\"><\/div><\/div><\/div><script type=\"text\/javascript\">\njQuery(document).ready(function($){\n\n    var slider4 = tns({\n        container: '#slider4.amc_slider',\n        controls: true,\n        controlsText: ['<i class=\"fa fa-2x fa-chevron-left\" style=\"color:#000;\"><\/i>', '<i class=\"fa fa-2x fa-chevron-right\" style=\"color:#000;\"><\/i>'],\n        nav: false,\n        autoWidth: true,\n        autoplayButtonOutput: false,\n        autoplay: true,\n        \/\/ items: 1.4,\n        gutter: 30,\n        mouseDrag: true,\n        swipeAngle: false,\n        slideBy: 1,\n        \/\/ navAsThumbnails: true,\n        speed: 400\n    });\n\n});\n<\/script>\n<div style=\"height:30px\"><\/div>\t\t\t\t<\/div>\n\t\t\t\t<hr>\n\t\t\t<\/article>\n\t\t\t\t\t<article>\n\t\t\t\t<a href=\"#\" class=\"toggle-accordion-new\" data-target=\"#element-mzgr-accordion-designer-in-residence-new-2-2\"><i class=\"text-size-1 fa fa-chevron-up\"><\/i> <span class=\"emma-font text-size-1 black\">A.K.T;<\/span><\/a>\n\t\t\t\t<div id=\"element-mzgr-accordion-designer-in-residence-new-2-2\" class=\"accordion-content\" style=\"display: block;\">\n\t\t\t\t\t\t<div class=\"content-text\"><p>Der A.K.T; beleuchtet gesellschaftlich relevante Fragen aus dem Blickwinkel der Kunst und des Designs. Auf zwei Stockwerken finden regelm\u00e4\u00dfig Ausstellungen statt, an denen sich nationale und internationale zeitgen\u00f6ssische K\u00fcnstler*innen und Designer*innen beteiligen. Dar\u00fcber hinaus erforschen im obersten Geschoss Studierende des Studiengangs Design &amp; Future Making der Hochschule Pforzheim im MADLAB Zukunftsfragen.<br \/>\nIm Erdgeschoss sowie im ersten Stockwerk ist das<br \/>\nCaf\u00e9 Roland beheimatet. Das Geb\u00e4ude ist das Treppenhaus der im Jahr 2010 abgerissenen Alfons-Kern-Schule, die 1953 als Gewerbeschule er\u00f6ffnet worden war. Bisher fanden dort unter der k\u00fcnstlerischen Leitung von Janusz Czech u.a. die Ausstellungen \u00bbD\u00e4monkratie\u00ab, \u00bbMeat the Future\u00ab, \u00bbRisikogruppen\u00ab, \u00bbDas dritte Geschlecht\u00ab oder \u00bbIm Osten nichts Neues\u00ab statt. Der A.K.T; wird gef\u00f6rdert vom Ministerium f\u00fcr Wissenschaft, Forschung und Kunst Baden-W\u00fcrttemberg und der Werner Wild Stiftung.<\/p>\n<\/div><div style=\"position:relative;\"><div id=\"slider5\" class=\"amc-gallery amc_slider\"><div><img decoding=\"async\" src=\"https:\/\/www.emma-pf.de\/wp-content\/uploads\/2025\/06\/Ausstellungsanischten-22DasDritteGeschlecht22_DaryllDeAngelo-Tyrell_Joel-Peter-Witkin_IMG_8827.jpg\" alt=\"\" style=\"height:600px!important;width:auto!important;\"><\/div><\/div><\/div><script type=\"text\/javascript\">\njQuery(document).ready(function($){\n\n    var slider5 = tns({\n        container: '#slider5.amc_slider',\n        controls: true,\n        controlsText: ['<i class=\"fa fa-2x fa-chevron-left\" style=\"color:#000;\"><\/i>', '<i class=\"fa fa-2x fa-chevron-right\" style=\"color:#000;\"><\/i>'],\n        nav: false,\n        autoWidth: true,\n        autoplayButtonOutput: false,\n        autoplay: true,\n        \/\/ items: 1.4,\n        gutter: 30,\n        mouseDrag: true,\n        swipeAngle: false,\n        slideBy: 1,\n        \/\/ navAsThumbnails: true,\n        speed: 400\n    });\n\n});\n<\/script>\n<div style=\"height:30px\"><\/div>\t\t\t\t<\/div>\n\t\t\t\t<hr>\n\t\t\t<\/article>\n\t\t\t\t\t<article>\n\t\t\t\t<a href=\"#\" class=\"toggle-accordion-new\" data-target=\"#element-mzgr-accordion-designer-in-residence-new-2-2\"><i class=\"text-size-1 fa fa-chevron-up\"><\/i> <span class=\"emma-font text-size-1 black\">PF Revisited<\/span><\/a>\n\t\t\t\t<div id=\"element-mzgr-accordion-designer-in-residence-new-2-2\" class=\"accordion-content\" style=\"display: block;\">\n\t\t\t\t\t\t<div class=\"content-text\"><p>Das Projekt \u00bbPF Revisited\u00ab hat zum Ziel, traditionelle Techniken der manufakturellen Schmuckproduktion, wie das Guillochieren, Pr\u00e4gen oder Pressen, vor dem Aussterben zu bewahren. In Semesterkursen und einem Stipendienprogramm im Deutschen Technikmuseum Berlin geben pensionierte Pforzheimer Schmuckmeister ihre Kompetenz an Studierende weiter. Im EMMA \u2013 Kreativzentrum Pforzheim befindet sich das Projektb\u00fcro mit historischen Maschinen, wo die traditionellen Techniken in zeitgen\u00f6ssisches Design \u00fcberf\u00fchrt werden k\u00f6nnen. \u00bbPF Revisited\u00ab ist ein Projekt des Studiengangs Schmuck der Hochschule Pforzheim und wird von C. Hafner unterst\u00fctzt. Es ist Teil des Gesamtprojektes \u00bbManufakturelle Schmuckgestaltung\u00ab der Stiftung Deutsches Technikmuseum Berlin (SDTB). Die Deutsche UNESCO-Kommission hat es ins Register \u00bbGute Praxisbeispiele zur Erhaltung immateriellen Kulturerbes\u00ab aufgenommen.<\/p>\n<\/div><div style=\"position:relative;\"><div id=\"slider6\" class=\"amc-gallery amc_slider\"><div><img decoding=\"async\" src=\"https:\/\/www.emma-pf.de\/wp-content\/uploads\/2025\/06\/DSC2568-scaled.jpg\" alt=\"\" style=\"height:600px!important;width:auto!important;\"><\/div><\/div><\/div><script type=\"text\/javascript\">\njQuery(document).ready(function($){\n\n    var slider6 = tns({\n        container: '#slider6.amc_slider',\n        controls: true,\n        controlsText: ['<i class=\"fa fa-2x fa-chevron-left\" style=\"color:#000;\"><\/i>', '<i class=\"fa fa-2x fa-chevron-right\" style=\"color:#000;\"><\/i>'],\n        nav: false,\n        autoWidth: true,\n        autoplayButtonOutput: false,\n        autoplay: true,\n        \/\/ items: 1.4,\n        gutter: 30,\n        mouseDrag: true,\n        swipeAngle: false,\n        slideBy: 1,\n        \/\/ navAsThumbnails: true,\n        speed: 400\n    });\n\n});\n<\/script>\n\t\t\t\t<\/div>\n\t\t\t\t<hr>\n\t\t\t<\/article>\n\t\t\t\t\t<\/div>\n<\/section>\n","protected":false},"excerpt":{"rendered":"<p>Array Kreativwirtschaft Pforzheim, Fachbereich Kreativwirtschaft, Projekte Creative After Work Creative After Work ist das Netzwerktreffen f\u00fcr die Kreativwirtschaft in Pforzheim und Region. Jedes der Treffen hat einen thematischen Schwerpunkt. Ein Unternehmen, ein Projekt oder ein f\u00fcr die Kreativwirtschaft relevantes Thema rund um Trends, KI, PR, Social Media, Online Marketing, Crowdfunding, Storytelling oder Recht werden von [&hellip;]<\/p>\n","protected":false},"author":3,"featured_media":0,"parent":10673,"menu_order":0,"comment_status":"closed","ping_status":"closed","template":"","meta":{"_acf_changed":false,"footnotes":""},"class_list":["post-10688","page","type-page","status-publish","hentry"],"acf":[],"_links":{"self":[{"href":"https:\/\/www.emma-pf.de\/en\/wp-json\/wp\/v2\/pages\/10688","targetHints":{"allow":["GET"]}}],"collection":[{"href":"https:\/\/www.emma-pf.de\/en\/wp-json\/wp\/v2\/pages"}],"about":[{"href":"https:\/\/www.emma-pf.de\/en\/wp-json\/wp\/v2\/types\/page"}],"author":[{"embeddable":true,"href":"https:\/\/www.emma-pf.de\/en\/wp-json\/wp\/v2\/users\/3"}],"replies":[{"embeddable":true,"href":"https:\/\/www.emma-pf.de\/en\/wp-json\/wp\/v2\/comments?post=10688"}],"version-history":[{"count":2,"href":"https:\/\/www.emma-pf.de\/en\/wp-json\/wp\/v2\/pages\/10688\/revisions"}],"predecessor-version":[{"id":10698,"href":"https:\/\/www.emma-pf.de\/en\/wp-json\/wp\/v2\/pages\/10688\/revisions\/10698"}],"up":[{"embeddable":true,"href":"https:\/\/www.emma-pf.de\/en\/wp-json\/wp\/v2\/pages\/10673"}],"wp:attachment":[{"href":"https:\/\/www.emma-pf.de\/en\/wp-json\/wp\/v2\/media?parent=10688"}],"curies":[{"name":"wp","href":"https:\/\/api.w.org\/{rel}","templated":true}]}}