{"id":5462,"date":"2021-01-19T09:14:15","date_gmt":"2021-01-19T08:14:15","guid":{"rendered":"https:\/\/www.emma-pf.de\/?page_id=5462"},"modified":"2022-01-28T15:56:51","modified_gmt":"2022-01-28T14:56:51","slug":"2021-2","status":"publish","type":"page","link":"https:\/\/www.emma-pf.de\/en\/2021-2\/","title":{"rendered":"Jury 2021"},"content":{"rendered":"Array<nav id=\"section-mzgr-submenu-1\">\n\t<div class=\"col-sm-12 col-md-8 mzgr-submenu-container\">\n\t\t<ul class=\"mzgr-submenu emma-font text-size-1\">\n\t\t\t<li>\n\t\t\t\t<span class=\"purple\">Designers in Residence<\/span><span>, <\/span>\n\t\t\t<\/li>\n\t\t\t\t\t\t<li class=\"\">\n\t\t\t\t\t\t\t\t\t<a href=\"https:\/\/www.emma-pf.de\/en\/ausstellung-designers-in-residence-2021\/\">2021<\/a><span>, <\/span>\t\t\t<\/li>\n\t\t\t\t\t\t<li class=\"\">\n\t\t\t\t\t\t\t\t\t<a href=\"https:\/\/www.emma-pf.de\/en\/marina-aleksashina\/\">Marina Aleksashina<\/a><span>, <\/span>\t\t\t<\/li>\n\t\t\t\t\t\t<li class=\"\">\n\t\t\t\t\t\t\t\t\t<a href=\"https:\/\/www.emma-pf.de\/en\/naama-levit\/\">Naama Levit<\/a><span>, <\/span>\t\t\t<\/li>\n\t\t\t\t\t\t<li class=\"\">\n\t\t\t\t\t\t\t\t\t<a href=\"https:\/\/www.emma-pf.de\/en\/caio-mahin\/\">Caio Mahin<\/a><span>, <\/span>\t\t\t<\/li>\n\t\t\t\t\t\t<li class=\" current_page_item\">\n\t\t\t\t<h1 class=\"text-size-1\">\t\t\t\t\t<a href=\"https:\/\/www.emma-pf.de\/en\/2021-2\/\">Jury 2021<\/a>\t\t\t<\/li>\n\t\t\t\t\t<\/ul>\n\t\t<div class=\"clearfix\"><\/div>\n\t<\/div>\n<\/nav>\n<section id=\"mzgr-content-space-1-2\" class=\"op-section mzgr-content-space-1\" style=\"height: 100px;\"><\/section>\n<section id=\"mzgr-accordion-designer-in-residence-new-3\" class=\"mzgr-accordion-designer-in-residence-new\">\n\t<div class=\"col-sm-12 col-md-8\">\n\t\t\t\t\t\t\t<article>\n\t\t\t\t<a href=\"#\" class=\"toggle-accordion-new\" data-target=\"#element-mzgr-accordion-designer-in-residence-new-3-1\"><i class=\"text-size-1 fa fa-chevron-up\"><\/i> <span class=\"emma-font text-size-1 black\">Jury<\/span><\/a>\n\t\t\t\t<div id=\"element-mzgr-accordion-designer-in-residence-new-3-1\" class=\"accordion-content\" style=\"display: block;\">\n\t\t\t\t\t\t<div style=\"height:25px\"><\/div><div class=\"content-text\"><h3><strong>Sam Tho Duong\/ Schmuckdesigner<\/strong><\/h3>\n<p><strong>Sam Tho Duong\u00a0<\/strong>besuchte nach der Goldschmiedelehre in Pforzheim die Hochschule f\u00fcr Gestaltung in Pforzheim. Seither arbeitet er als freischaffender Designer in Pforzheim und ist f\u00fcr seinen detaillierten und vielschichtigen K\u00f6rper- und Halsschmuck bekannt. Seine vielfach ausgezeichneten Arbeiten sind weltweit Teil privater und musealer Sammlungen, u.a. im Schmuckmuseum Pforzheim, im Museums of Art and Design in New York oder im CODA Museum Apeldoorn.<\/p>\n<\/div><div style=\"height:25px\"><\/div><div style=\"position:relative;\"><div id=\"slider1\" class=\"amc-gallery amc_slider\"><div><img decoding=\"async\" src=\"https:\/\/www.emma-pf.de\/wp-content\/uploads\/2020\/01\/DSC4333.jpg\" alt=\"\" style=\"height:600px!important;width:auto!important;\"><p><small class=\"amc_caption\">Foto und Copyright: Winfried Reinhardt\n\n<\/small><\/p><\/div><\/div><\/div><script type=\"text\/javascript\">\njQuery(document).ready(function($){\n\n    var slider1 = tns({\n        container: '#slider1.amc_slider',\n        controls: true,\n        controlsText: ['<i class=\"fa fa-2x fa-chevron-left\" style=\"color:#000;\"><\/i>', '<i class=\"fa fa-2x fa-chevron-right\" style=\"color:#000;\"><\/i>'],\n        nav: false,\n        autoWidth: true,\n        autoplayButtonOutput: false,\n        autoplay: true,\n        \/\/ items: 1.4,\n        gutter: 30,\n        mouseDrag: true,\n        swipeAngle: false,\n        slideBy: 1,\n        \/\/ navAsThumbnails: true,\n        speed: 400\n    });\n\n});\n<\/script>\n<div style=\"height:50px\"><\/div><div class=\"content-text\"><h3><strong>Amelie Marie Gaydoul\/ Menswear Designer<\/strong><\/h3>\n<p><strong>Amelie Marie Gaydoul<\/strong>\u00a0studierte Modedesign an der Hochschule Pforzheim und absolvierte anschlie\u00dfend den MA in Menswear an der University of Westminster in London. Anschlie\u00dfend arbeitete sie u.a. bei Norse Projects oder Givenchy. Aktuell lebt sie in Kopenhagen und arbeitet freiberuflich als Menswear Designerin f\u00fcr Unternehmen in London, Paris und Kopenhagen.<\/p>\n<\/div><div style=\"height:25px\"><\/div><div style=\"position:relative;\"><div id=\"slider2\" class=\"amc-gallery amc_slider\"><div><img decoding=\"async\" src=\"https:\/\/www.emma-pf.de\/wp-content\/uploads\/2020\/12\/Amelie-Gaydoul.jpg\" alt=\"\" style=\"height:600px!important;width:auto!important;\"><\/div><\/div><\/div><script type=\"text\/javascript\">\njQuery(document).ready(function($){\n\n    var slider2 = tns({\n        container: '#slider2.amc_slider',\n        controls: true,\n        controlsText: ['<i class=\"fa fa-2x fa-chevron-left\" style=\"color:#000;\"><\/i>', '<i class=\"fa fa-2x fa-chevron-right\" style=\"color:#000;\"><\/i>'],\n        nav: false,\n        autoWidth: true,\n        autoplayButtonOutput: false,\n        autoplay: true,\n        \/\/ items: 1.4,\n        gutter: 30,\n        mouseDrag: true,\n        swipeAngle: false,\n        slideBy: 1,\n        \/\/ navAsThumbnails: true,\n        speed: 400\n    });\n\n});\n<\/script>\n<div style=\"height:50px\"><\/div><div class=\"content-text\"><h3><strong>Stefan Lippert\/ Gesch\u00e4ftsf\u00fchrer UP Designstudio<\/strong><\/h3>\n<p><strong>Stefan Lippert<\/strong>\u00a0ist Gr\u00fcnder und Gesch\u00e4ftsf\u00fchrer des UP Designstudios in Stuttgart, das zu den gr\u00f6\u00dferen Beratungsunternehmen f\u00fcr Produktdesign in Deutschland geh\u00f6rt und mit zahlreichen internationalen Designpreisen ausgezeichnet wurde. Weiterhin ist Stefan Lippert als Startup-Unternehmer aktiv. So entstanden unter seiner Leitung etwa das ELMOTO Elektromotorrad und die GIBBON Slacklines.<\/p>\n<\/div><div style=\"height:25px\"><\/div><div style=\"position:relative;\"><div id=\"slider3\" class=\"amc-gallery amc_slider\"><div><img decoding=\"async\" src=\"https:\/\/www.emma-pf.de\/wp-content\/uploads\/2020\/01\/DSC4295-1.jpg\" alt=\"\" style=\"height:600px!important;width:auto!important;\"><p><small class=\"amc_caption\">Foto und Copyright: Winfried Reinhardt\n<\/small><\/p><\/div><\/div><\/div><script type=\"text\/javascript\">\njQuery(document).ready(function($){\n\n    var slider3 = tns({\n        container: '#slider3.amc_slider',\n        controls: true,\n        controlsText: ['<i class=\"fa fa-2x fa-chevron-left\" style=\"color:#000;\"><\/i>', '<i class=\"fa fa-2x fa-chevron-right\" style=\"color:#000;\"><\/i>'],\n        nav: false,\n        autoWidth: true,\n        autoplayButtonOutput: false,\n        autoplay: true,\n        \/\/ items: 1.4,\n        gutter: 30,\n        mouseDrag: true,\n        swipeAngle: false,\n        slideBy: 1,\n        \/\/ navAsThumbnails: true,\n        speed: 400\n    });\n\n});\n<\/script>\n\t\t\t\t<\/div>\n\t\t\t\t<hr>\n\t\t\t<\/article>\n\t\t\t\t\t<\/div>\n<\/section>\n","protected":false},"excerpt":{"rendered":"<p>Array Designers in Residence, 2021, Marina Aleksashina, Naama Levit, Caio Mahin, Jury 2021 Jury Sam Tho Duong\/ Schmuckdesigner Sam Tho Duong\u00a0besuchte nach der Goldschmiedelehre in Pforzheim die Hochschule f\u00fcr Gestaltung in Pforzheim. Seither arbeitet er als freischaffender Designer in Pforzheim und ist f\u00fcr seinen detaillierten und vielschichtigen K\u00f6rper- und Halsschmuck bekannt. Seine vielfach ausgezeichneten Arbeiten [&hellip;]<\/p>\n","protected":false},"author":2,"featured_media":0,"parent":0,"menu_order":109,"comment_status":"closed","ping_status":"closed","template":"","meta":{"_acf_changed":false,"footnotes":""},"class_list":["post-5462","page","type-page","status-publish","hentry"],"acf":[],"_links":{"self":[{"href":"https:\/\/www.emma-pf.de\/en\/wp-json\/wp\/v2\/pages\/5462","targetHints":{"allow":["GET"]}}],"collection":[{"href":"https:\/\/www.emma-pf.de\/en\/wp-json\/wp\/v2\/pages"}],"about":[{"href":"https:\/\/www.emma-pf.de\/en\/wp-json\/wp\/v2\/types\/page"}],"author":[{"embeddable":true,"href":"https:\/\/www.emma-pf.de\/en\/wp-json\/wp\/v2\/users\/2"}],"replies":[{"embeddable":true,"href":"https:\/\/www.emma-pf.de\/en\/wp-json\/wp\/v2\/comments?post=5462"}],"version-history":[{"count":18,"href":"https:\/\/www.emma-pf.de\/en\/wp-json\/wp\/v2\/pages\/5462\/revisions"}],"predecessor-version":[{"id":7808,"href":"https:\/\/www.emma-pf.de\/en\/wp-json\/wp\/v2\/pages\/5462\/revisions\/7808"}],"wp:attachment":[{"href":"https:\/\/www.emma-pf.de\/en\/wp-json\/wp\/v2\/media?parent=5462"}],"curies":[{"name":"wp","href":"https:\/\/api.w.org\/{rel}","templated":true}]}}