{"id":5867,"date":"2021-05-18T16:09:32","date_gmt":"2021-05-18T14:09:32","guid":{"rendered":"https:\/\/www.emma-pf.de\/?page_id=5867"},"modified":"2022-01-28T15:54:27","modified_gmt":"2022-01-28T14:54:27","slug":"exhibition-designers-in-residence-2021","status":"publish","type":"page","link":"https:\/\/www.emma-pf.de\/en\/ausstellung-designers-in-residence-2021\/","title":{"rendered":"2021"},"content":{"rendered":"Array<nav id=\"section-mzgr-submenu-1\">\n\t<div class=\"col-sm-12 col-md-8 mzgr-submenu-container\">\n\t\t<ul class=\"mzgr-submenu emma-font text-size-1\">\n\t\t\t<li>\n\t\t\t\t<span class=\"purple\">Designers in Residence<\/span><span>, <\/span>\n\t\t\t<\/li>\n\t\t\t\t\t\t<li class=\" current_page_item\">\n\t\t\t\t<h1 class=\"text-size-1\">\t\t\t\t\t<a href=\"https:\/\/www.emma-pf.de\/en\/ausstellung-designers-in-residence-2021\/\">2021<\/a><span>, <\/span><\/h1>\t\t\t<\/li>\n\t\t\t\t\t\t<li class=\"\">\n\t\t\t\t\t\t\t\t\t<a href=\"https:\/\/www.emma-pf.de\/en\/marina-aleksashina\/\">Marina Aleksashina<\/a><span>, <\/span>\t\t\t<\/li>\n\t\t\t\t\t\t<li class=\"\">\n\t\t\t\t\t\t\t\t\t<a href=\"https:\/\/www.emma-pf.de\/en\/naama-levit\/\">Naama Levit<\/a><span>, <\/span>\t\t\t<\/li>\n\t\t\t\t\t\t<li class=\"\">\n\t\t\t\t\t\t\t\t\t<a href=\"https:\/\/www.emma-pf.de\/en\/caio-mahin\/\">Caio Mahin<\/a><span>, <\/span>\t\t\t<\/li>\n\t\t\t\t\t\t<li class=\"\">\n\t\t\t\t\t\t\t\t\t<a href=\"https:\/\/www.emma-pf.de\/en\/2021-2\/\">Jury 2021<\/a>\t\t\t<\/li>\n\t\t\t\t\t<\/ul>\n\t\t<div class=\"clearfix\"><\/div>\n\t<\/div>\n<\/nav>\n<section id=\"mzgr-accordion-designer-in-residence-new-2\" class=\"mzgr-accordion-designer-in-residence-new\">\n\t<div class=\"col-sm-12 col-md-8\">\n\t\t\t\t\t\t\t<article>\n\t\t\t\t<a href=\"#\" class=\"toggle-accordion-new\" data-target=\"#element-mzgr-accordion-designer-in-residence-new-2-1\"><i class=\"text-size-1 fa fa-chevron-up\"><\/i> <span class=\"emma-font text-size-1 black\">Designers in Residence 2021<\/span><\/a>\n\t\t\t\t<div id=\"element-mzgr-accordion-designer-in-residence-new-2-1\" class=\"accordion-content\" style=\"display: block;\">\n\t\t\t\t\t\t<div class=\"content-text\"><p>\u201eDesigners in Residence\u201c ist ein internationales Stipendienprogramm der Stadt Pforzheim f\u00fcr Nachwuchsdesigner*innen aus den Bereichen Schmuck-, Mode-, Accessoire-, Industrie- und Kommunikationsdesign, sowie anderen Designdisziplinen, das j\u00e4hrlich in Kooperation mit der Hochschule Pforzheim und dem Design Center Baden-W\u00fcrttemberg ausgeschrieben wird. Insgesamt werden durch die Jury drei Stipendien vergeben. Von April bis Juni 2021 arbeiteten die Stipendiat*innen an ihren Projekten, wobei sie in diesem Jahr aufgrund der COVID-19-Pandemie mit einigen Herausforderungen konfrontiert waren: Naama Levit war es leider nicht m\u00f6glich, nach Pforzheim zu reisen, und absolvierte ihr Stipendium daher in ihrer Wahlheimat New York. Marina Aleksashina konnte aufgrund von Einreisebeschr\u00e4nkungen und Verz\u00f6gerungen im Visumsverfahren erst mit einem Monat versp\u00e4tet nach Pforzheim kommen, und Caio Mahin konnte kurzfristig nach Aufhebung des Einreisestopps aus Portugal Anfang April anreisen. Daher geh\u00f6rten Quarant\u00e4ne-Zeiten, zoom-Gespr\u00e4che, WhatsApp-Gruppen mit Essens-Bildern, Lockdowns und ein hohes Ma\u00df an Flexibilit\u00e4t zum Arbeitsalltag der Stipendiat*innen.<\/p>\n<p>Entstanden ist trotz aller Schwierigkeiten und der r\u00e4umlichen Trennung eine gemeinsame Ausstellung der drei Stipendiat*innen. Jeder Raum er\u00f6ffnet eine Welt, in der die Besucher*innen die Erfahrungen als queeres Kind, die Suche nach der eigenen Identit\u00e4t in mitten von Vorurteilen und Rollenerwartungen nachsp\u00fcren oder einen Ort, geschaffen aus dekontextualisierten Materialien und Formen von New Yorker Stra\u00dfen entdecken k\u00f6nnen.<\/p>\n<p>Stipendiat*innen<br \/>\nMarina Aleksashina, Russland<br \/>\nNaama Levit, Israel\/USA<br \/>\nCaio Mahin, Brasilien\/Portugal<\/p>\n<p>Jury<br \/>\nSam Tho Duong<br \/>\nAmelie Gaydoul<br \/>\nStefan Lippert<\/p>\n<\/div>\t\t\t\t<\/div>\n\t\t\t\t<hr>\n\t\t\t<\/article>\n\t\t\t\t\t<\/div>\n<\/section>\n<section id=\"mzgr-accordion-designer-in-residence-new-3\" class=\"mzgr-accordion-designer-in-residence-new\">\n\t<div class=\"col-sm-12 col-md-8\">\n\t\t\t\t\t\t\t<article>\n\t\t\t\t<a href=\"#\" class=\"toggle-accordion-new\" data-target=\"#element-mzgr-accordion-designer-in-residence-new-3-1\"><i class=\"text-size-1 fa fa-chevron-up\"><\/i> <span class=\"emma-font text-size-1 black\">Film \"Designers in Residence 2021\"<\/span><\/a>\n\t\t\t\t<div id=\"element-mzgr-accordion-designer-in-residence-new-3-1\" class=\"accordion-content\" style=\"display: block;\">\n\t\t\t\t\t\t<div class=\"video-container\"><iframe loading=\"lazy\" title=\"Designers in Residence 2021\" width=\"640\" height=\"360\" src=\"https:\/\/www.youtube.com\/embed\/RY8-bSRYMRo?feature=oembed\" frameborder=\"0\" allow=\"accelerometer; autoplay; clipboard-write; encrypted-media; gyroscope; picture-in-picture; web-share\" referrerpolicy=\"strict-origin-when-cross-origin\" allowfullscreen><\/iframe><\/div>\t\t\t\t<\/div>\n\t\t\t\t<hr>\n\t\t\t<\/article>\n\t\t\t\t\t<\/div>\n<\/section>\n<section id=\"mzgr-accordion-designer-in-residence-new-4\" class=\"mzgr-accordion-designer-in-residence-new\">\n\t<div class=\"col-sm-12 col-md-8\">\n\t\t\t\t\t\t\t<article>\n\t\t\t\t<a href=\"#\" class=\"toggle-accordion-new\" data-target=\"#element-mzgr-accordion-designer-in-residence-new-4-1\"><i class=\"text-size-1 fa fa-chevron-up\"><\/i> <span class=\"emma-font text-size-1 black\">Virtueller Rundgang<\/span><\/a>\n\t\t\t\t<div id=\"element-mzgr-accordion-designer-in-residence-new-4-1\" class=\"accordion-content\" style=\"display: block;\">\n\t\t\t\t\t\t<div class=\"video-container\"><iframe loading=\"lazy\" class=\"wp-embedded-content\" sandbox=\"allow-scripts\" security=\"restricted\" title=\"Designers In Residence 2021\" width=\"640\" height=\"480\" frameborder=\"0\" src=\"https:\/\/my.matterport.com\/show\/?m&#x3D;gH8fukTU8yD#?secret=64Xjrat831\" data-secret=\"64Xjrat831\"><\/iframe><\/div>\t\t\t\t<\/div>\n\t\t\t\t<hr>\n\t\t\t<\/article>\n\t\t\t\t\t<\/div>\n<\/section>\n<section id=\"mzgr-accordion-designer-in-residence-new-5\" class=\"mzgr-accordion-designer-in-residence-new\">\n\t<div class=\"col-sm-12 col-md-8\">\n\t\t\t\t\t\t\t<article>\n\t\t\t\t<a href=\"#\" class=\"toggle-accordion-new\" data-target=\"#element-mzgr-accordion-designer-in-residence-new-5-1\"><i class=\"text-size-1 fa fa-chevron-up\"><\/i> <span class=\"emma-font text-size-1 black\">Vernissage<\/span><\/a>\n\t\t\t\t<div id=\"element-mzgr-accordion-designer-in-residence-new-5-1\" class=\"accordion-content\" style=\"display: block;\">\n\t\t\t\t\t\t<div class=\"video-container\"><iframe loading=\"lazy\" title=\"Vernissage der Ausstellung &quot;Designers in Residence&quot;\" width=\"640\" height=\"360\" src=\"https:\/\/www.youtube.com\/embed\/d0WVaQl_8BU?feature=oembed\" frameborder=\"0\" allow=\"accelerometer; autoplay; clipboard-write; encrypted-media; gyroscope; picture-in-picture; web-share\" referrerpolicy=\"strict-origin-when-cross-origin\" allowfullscreen><\/iframe><\/div>\t\t\t\t<\/div>\n\t\t\t\t<hr>\n\t\t\t<\/article>\n\t\t\t\t\t<\/div>\n<\/section>\n<section id=\"mzgr-accordion-designer-in-residence-new-6\" class=\"mzgr-accordion-designer-in-residence-new\">\n\t<div class=\"col-sm-12 col-md-8\">\n\t\t\t\t\t\t\t<article>\n\t\t\t\t<a href=\"#\" class=\"toggle-accordion-new\" data-target=\"#element-mzgr-accordion-designer-in-residence-new-6-1\"><i class=\"text-size-1 fa fa-chevron-up\"><\/i> <span class=\"emma-font text-size-1 black\">Ausstellungsansichten<\/span><\/a>\n\t\t\t\t<div id=\"element-mzgr-accordion-designer-in-residence-new-6-1\" class=\"accordion-content\" style=\"display: block;\">\n\t\t\t\t\t\t<div style=\"position:relative;\"><div id=\"slider1\" class=\"amc-gallery amc_slider\"><div><img decoding=\"async\" src=\"https:\/\/www.emma-pf.de\/wp-content\/uploads\/2021\/08\/2021_Ausstellung_Designers-in-Residence_Naama-Levit_Matter-to-Dust_Foto_Winfried-Reinhardt-7.jpg\" alt=\"\" style=\"height:600px!important;width:auto!important;\"><p><small class=\"amc_caption\">\"Matter to dust\" by Naama Levit, Ausstellung \"Designers in Residence 2021\", Foto und Copyright: Winfried Reinhardt\r\n<\/small><\/p><\/div><div><img decoding=\"async\" src=\"https:\/\/www.emma-pf.de\/wp-content\/uploads\/2021\/08\/DSC4184.jpg\" alt=\"\" style=\"height:600px!important;width:auto!important;\"><p><small class=\"amc_caption\">Ausstellung \"Designers in Residence 2021\", Foto und Copyright: Winfried Reinhardt\r\n<\/small><\/p><\/div><div><img decoding=\"async\" src=\"https:\/\/www.emma-pf.de\/wp-content\/uploads\/2021\/08\/2021_Ausstellung_Designers-in-Residence_Naama-Levit_Matter-to-Dust_Foto_Winfried-Reinhardt-9.jpg\" alt=\"\" style=\"height:600px!important;width:auto!important;\"><p><small class=\"amc_caption\">\"Matter to dust\" by Naama Levit, Ausstellung \"Designers in Residence 2021\", Foto und Copyright: Winfried Reinhardt\r\n<\/small><\/p><\/div><div><img decoding=\"async\" src=\"https:\/\/www.emma-pf.de\/wp-content\/uploads\/2021\/08\/2021_Ausstellung_Designers-in-Residence_Naama-Levit_Matter-to-Dust_Foto_Winfried-Reinhardt-11.jpg\" alt=\"\" style=\"height:600px!important;width:auto!important;\"><p><small class=\"amc_caption\">\"Matter to dust\" by Naama Levit, Ausstellung \"Designers in Residence 2021\", Foto und Copyright: Winfried Reinhardt\r\n<\/small><\/p><\/div><div><img decoding=\"async\" src=\"https:\/\/www.emma-pf.de\/wp-content\/uploads\/2021\/08\/2021_Ausstellung_Designers-in-Residence_Caio-Mahin_The-boy-who-wanted-to-get-his-ears-pierced_Foto_Winfried-Reinhardt-2.jpg\" alt=\"\" style=\"height:600px!important;width:auto!important;\"><p><small class=\"amc_caption\">\"The Boy Who Wanted To Pierce His Ears\" by Caio Mahin, Ausstellung \"Designers in Residence 2021\", Foto und Copyright: Winfried Reinhardt\r\n<\/small><\/p><\/div><div><img decoding=\"async\" src=\"https:\/\/www.emma-pf.de\/wp-content\/uploads\/2021\/08\/2021_Ausstellung_Designers-in-Residence_Caio-Mahin_The-boy-who-wanted-to-get-his-ears-pierced_Foto_Winfried-Reinhardt-5.jpg\" alt=\"\" style=\"height:600px!important;width:auto!important;\"><p><small class=\"amc_caption\">\"The Boy Who Wanted To Pierce His Ears\" by Caio Mahin, Ausstellung \"Designers in Residence 2021\", Foto und Copyright: Winfried Reinhardt\r\n<\/small><\/p><\/div><div><img decoding=\"async\" src=\"https:\/\/www.emma-pf.de\/wp-content\/uploads\/2021\/08\/2021_Ausstellung_Designers-in-Residence_Caio-Mahin_The-boy-who-wanted-to-get-his-ears-pierced_Foto_Winfried-Reinhardt-8.jpg\" alt=\"\" style=\"height:600px!important;width:auto!important;\"><p><small class=\"amc_caption\">\"The Boy Who Wanted To Pierce His Ears\" by Caio Mahin, Ausstellung \"Designers in Residence 2021\", Foto und Copyright: Winfried Reinhardt\r\n<\/small><\/p><\/div><div><img decoding=\"async\" src=\"https:\/\/www.emma-pf.de\/wp-content\/uploads\/2021\/08\/2021_Ausstellung_Designers-in-Residence_Marina-Aleksashina_Playground-hazards_Foto_Winfried-Reinhardt-12.jpg\" alt=\"\" style=\"height:600px!important;width:auto!important;\"><p><small class=\"amc_caption\">\"Playground hazards\" by Marina Aleksashina, Ausstellung \"Designers in Residence 2021\", Foto und Copyright: Winfried Reinhardt\r\n<\/small><\/p><\/div><div><img decoding=\"async\" src=\"https:\/\/www.emma-pf.de\/wp-content\/uploads\/2021\/08\/2021_Ausstellung_Designers-in-Residence_Marina-Aleksashina_Playground-hazards_Foto_Winfried-Reinhardt-17.jpg\" alt=\"\" style=\"height:600px!important;width:auto!important;\"><p><small class=\"amc_caption\">\"Playground hazards\" by Marina Aleksashina, Ausstellung \"Designers in Residence 2021\", Foto und Copyright: Winfried Reinhardt<\/small><\/p><\/div><\/div><\/div><script type=\"text\/javascript\">\njQuery(document).ready(function($){\n\n    var slider1 = tns({\n        container: '#slider1.amc_slider',\n        controls: true,\n        controlsText: ['<i class=\"fa fa-2x fa-chevron-left\" style=\"color:#000;\"><\/i>', '<i class=\"fa fa-2x fa-chevron-right\" style=\"color:#000;\"><\/i>'],\n        nav: false,\n        autoWidth: true,\n        autoplayButtonOutput: false,\n        autoplay: true,\n        \/\/ items: 1.4,\n        gutter: 30,\n        mouseDrag: true,\n        swipeAngle: false,\n        slideBy: 1,\n        \/\/ navAsThumbnails: true,\n        speed: 400\n    });\n\n});\n<\/script>\n\t\t\t\t<\/div>\n\t\t\t\t<hr>\n\t\t\t<\/article>\n\t\t\t\t\t<\/div>\n<\/section>\n","protected":false},"excerpt":{"rendered":"<p>Array Designers in Residence, 2021, Marina Aleksashina, Naama Levit, Caio Mahin, Jury 2021 Designers in Residence 2021 \u201eDesigners in Residence\u201c ist ein internationales Stipendienprogramm der Stadt Pforzheim f\u00fcr Nachwuchsdesigner*innen aus den Bereichen Schmuck-, Mode-, Accessoire-, Industrie- und Kommunikationsdesign, sowie anderen Designdisziplinen, das j\u00e4hrlich in Kooperation mit der Hochschule Pforzheim und dem Design Center Baden-W\u00fcrttemberg ausgeschrieben [&hellip;]<\/p>\n","protected":false},"author":2,"featured_media":0,"parent":0,"menu_order":103,"comment_status":"closed","ping_status":"closed","template":"","meta":{"_acf_changed":false,"footnotes":""},"class_list":["post-5867","page","type-page","status-publish","hentry"],"acf":[],"_links":{"self":[{"href":"https:\/\/www.emma-pf.de\/en\/wp-json\/wp\/v2\/pages\/5867","targetHints":{"allow":["GET"]}}],"collection":[{"href":"https:\/\/www.emma-pf.de\/en\/wp-json\/wp\/v2\/pages"}],"about":[{"href":"https:\/\/www.emma-pf.de\/en\/wp-json\/wp\/v2\/types\/page"}],"author":[{"embeddable":true,"href":"https:\/\/www.emma-pf.de\/en\/wp-json\/wp\/v2\/users\/2"}],"replies":[{"embeddable":true,"href":"https:\/\/www.emma-pf.de\/en\/wp-json\/wp\/v2\/comments?post=5867"}],"version-history":[{"count":30,"href":"https:\/\/www.emma-pf.de\/en\/wp-json\/wp\/v2\/pages\/5867\/revisions"}],"predecessor-version":[{"id":7804,"href":"https:\/\/www.emma-pf.de\/en\/wp-json\/wp\/v2\/pages\/5867\/revisions\/7804"}],"wp:attachment":[{"href":"https:\/\/www.emma-pf.de\/en\/wp-json\/wp\/v2\/media?parent=5867"}],"curies":[{"name":"wp","href":"https:\/\/api.w.org\/{rel}","templated":true}]}}