{"id":5900,"date":"2021-05-26T12:12:47","date_gmt":"2021-05-26T10:12:47","guid":{"rendered":"https:\/\/www.emma-pf.de\/?page_id=5900"},"modified":"2022-01-28T15:57:14","modified_gmt":"2022-01-28T14:57:14","slug":"marina-aleksashina","status":"publish","type":"page","link":"https:\/\/www.emma-pf.de\/en\/marina-aleksashina\/","title":{"rendered":"Marina Aleksashina"},"content":{"rendered":"Array<nav id=\"section-mzgr-submenu-1\">\n\t<div class=\"col-sm-12 col-md-8 mzgr-submenu-container\">\n\t\t<ul class=\"mzgr-submenu emma-font text-size-1\">\n\t\t\t<li>\n\t\t\t\t<span class=\"purple\">Designers in Residence<\/span><span>, <\/span>\n\t\t\t<\/li>\n\t\t\t\t\t\t<li class=\"\">\n\t\t\t\t\t\t\t\t\t<a href=\"https:\/\/www.emma-pf.de\/en\/ausstellung-designers-in-residence-2021\/\">2021<\/a><span>, <\/span>\t\t\t<\/li>\n\t\t\t\t\t\t<li class=\" current_page_item\">\n\t\t\t\t<h1 class=\"text-size-1\">\t\t\t\t\t<a href=\"https:\/\/www.emma-pf.de\/en\/marina-aleksashina\/\">Marina Aleksashina<\/a><span>, <\/span><\/h1>\t\t\t<\/li>\n\t\t\t\t\t\t<li class=\"\">\n\t\t\t\t\t\t\t\t\t<a href=\"https:\/\/www.emma-pf.de\/en\/naama-levit\/\">Naama Levit<\/a><span>, <\/span>\t\t\t<\/li>\n\t\t\t\t\t\t<li class=\"\">\n\t\t\t\t\t\t\t\t\t<a href=\"https:\/\/www.emma-pf.de\/en\/caio-mahin\/\">Caio Mahin<\/a><span>, <\/span>\t\t\t<\/li>\n\t\t\t\t\t\t<li class=\"\">\n\t\t\t\t\t\t\t\t\t<a href=\"https:\/\/www.emma-pf.de\/en\/2021-2\/\">Jury 2021<\/a>\t\t\t<\/li>\n\t\t\t\t\t<\/ul>\n\t\t<div class=\"clearfix\"><\/div>\n\t<\/div>\n<\/nav>\n<section id=\"mzgr-accordion-designer-in-residence-new-2\" class=\"mzgr-accordion-designer-in-residence-new\">\n\t<div class=\"col-sm-12 col-md-8\">\n\t\t\t\t\t\t\t<article>\n\t\t\t\t<a href=\"#\" class=\"toggle-accordion-new\" data-target=\"#element-mzgr-accordion-designer-in-residence-new-2-1\"><i class=\"text-size-1 fa fa-chevron-up\"><\/i> <span class=\"emma-font text-size-1 black\">Playground Hazards<\/span><\/a>\n\t\t\t\t<div id=\"element-mzgr-accordion-designer-in-residence-new-2-1\" class=\"accordion-content\" style=\"display: block;\">\n\t\t\t\t\t\t<div style=\"height:50px\"><\/div><div class=\"content-text\"><p>\u201eMein Projekt &#8222;Playground Hazards&#8220; besch\u00e4ftigt sich mit dem sozialen Druck, der in der Phase des Erwachsenwerdens und auf der Suche nach der eigenen Identit\u00e4t auf einem lastet, und dem Gef\u00fchl, dass alle Rollen in der Gesellschaft bereits verteilt sind. Die Objekte, die nach dem Prinzip eines gro\u00dfen Pl\u00fcschtiers gebaut wurden &#8211; die ersten Dinge, durch die ein Kind die Welt und ihre Regeln kennenlernt, \u00e4hneln einem Airbag und interagieren mit dem menschlichen K\u00f6rper. Ein Mensch in diesen Objekten beginnt seinen K\u00f6rper anders zu sp\u00fcren, er verbiegt sich unnat\u00fcrlich und sp\u00fcrt die Last des Spielzeugs. Die Hauptidee war, einen Baukasten f\u00fcr Erwachsene zu schaffen, der die Empfindungen der Kindheit wieder aufleben l\u00e4sst. In der Installation, die ein integraler Bestandteil des Projekts ist, wollte ich einen Raum f\u00fcr sicheres Spielen und Selbsterfahrung schaffen, der aber gleichzeitig das Gef\u00fchl vermittelt, dass alle Objekte f\u00fcr das Spiel zu instabil sind und man sich in einer Art restriktiver Zone befindet.\u201c Marina Aleksashina, Juni 2021<\/p>\n<\/div><div style=\"height:50px\"><\/div><div style=\"position:relative;\"><div id=\"slider1\" class=\"amc-gallery amc_slider\"><div><img decoding=\"async\" src=\"https:\/\/www.emma-pf.de\/wp-content\/uploads\/2021\/07\/MG_2346.jpg\" alt=\"\" style=\"height:600px!important;width:auto!important;\"><\/div><div><img decoding=\"async\" src=\"https:\/\/www.emma-pf.de\/wp-content\/uploads\/2021\/07\/MG_2442.jpg\" alt=\"\" style=\"height:600px!important;width:auto!important;\"><\/div><div><img decoding=\"async\" src=\"https:\/\/www.emma-pf.de\/wp-content\/uploads\/2021\/07\/MG_2155.jpg\" alt=\"\" style=\"height:600px!important;width:auto!important;\"><\/div><div><img decoding=\"async\" src=\"https:\/\/www.emma-pf.de\/wp-content\/uploads\/2021\/07\/MG_2327.jpg\" alt=\"\" style=\"height:600px!important;width:auto!important;\"><\/div><div><img decoding=\"async\" src=\"https:\/\/www.emma-pf.de\/wp-content\/uploads\/2021\/07\/MG_2261.jpg\" alt=\"\" style=\"height:600px!important;width:auto!important;\"><\/div><div><img decoding=\"async\" src=\"https:\/\/www.emma-pf.de\/wp-content\/uploads\/2021\/07\/MG_2144.jpg\" alt=\"\" style=\"height:600px!important;width:auto!important;\"><\/div><div><img decoding=\"async\" src=\"https:\/\/www.emma-pf.de\/wp-content\/uploads\/2021\/07\/2021_Exhibition_Designers-in-Residence_Marina-Aleksashina_playground-hazards_Foto_Benedikt-Adler-23.jpg\" alt=\"\" style=\"height:600px!important;width:auto!important;\"><\/div><div><img decoding=\"async\" src=\"https:\/\/www.emma-pf.de\/wp-content\/uploads\/2021\/07\/2021_Exhibition_Designers-in-Residence_Marina-Aleksashina_playground-hazards_Foto_Benedikt-Adler-14.jpg\" alt=\"\" style=\"height:600px!important;width:auto!important;\"><\/div><div><img decoding=\"async\" src=\"https:\/\/www.emma-pf.de\/wp-content\/uploads\/2021\/07\/2021_Exhibition_Designers-in-Residence_Marina-Aleksashina_playground-hazards_Foto_Benedikt-Adler-16.jpg\" alt=\"\" style=\"height:600px!important;width:auto!important;\"><\/div><div><img decoding=\"async\" src=\"https:\/\/www.emma-pf.de\/wp-content\/uploads\/2021\/07\/2021_Exhibition_Designers-in-Residence_Marina-Aleksashina_playground-hazards_Foto_Benedikt-Adler-19.jpg\" alt=\"\" style=\"height:600px!important;width:auto!important;\"><\/div><div><img decoding=\"async\" src=\"https:\/\/www.emma-pf.de\/wp-content\/uploads\/2021\/07\/2021_Exhibition_Designers-in-Residence_Marina-Aleksashina_playground-hazards_Foto_Benedikt-Adler-23-1.jpg\" alt=\"\" style=\"height:600px!important;width:auto!important;\"><\/div><\/div><\/div><script type=\"text\/javascript\">\njQuery(document).ready(function($){\n\n    var slider1 = tns({\n        container: '#slider1.amc_slider',\n        controls: true,\n        controlsText: ['<i class=\"fa fa-2x fa-chevron-left\" style=\"color:#000;\"><\/i>', '<i class=\"fa fa-2x fa-chevron-right\" style=\"color:#000;\"><\/i>'],\n        nav: false,\n        autoWidth: true,\n        autoplayButtonOutput: false,\n        autoplay: true,\n        \/\/ items: 1.4,\n        gutter: 30,\n        mouseDrag: true,\n        swipeAngle: false,\n        slideBy: 1,\n        \/\/ navAsThumbnails: true,\n        speed: 400\n    });\n\n});\n<\/script>\n\t\t\t\t<\/div>\n\t\t\t\t<hr>\n\t\t\t<\/article>\n\t\t\t\t\t<\/div>\n<\/section>\n<section id=\"mzgr-accordion-designer-in-residence-new-3\" class=\"mzgr-accordion-designer-in-residence-new\">\n\t<div class=\"col-sm-12 col-md-8\">\n\t\t\t\t\t\t\t<article>\n\t\t\t\t<a href=\"#\" class=\"toggle-accordion-new\" data-target=\"#element-mzgr-accordion-designer-in-residence-new-3-1\"><i class=\"text-size-1 fa fa-chevron-up\"><\/i> <span class=\"emma-font text-size-1 black\">Spielzeuge<\/span><\/a>\n\t\t\t\t<div id=\"element-mzgr-accordion-designer-in-residence-new-3-1\" class=\"accordion-content\" style=\"display: block;\">\n\t\t\t\t\t\t<div style=\"height:50px\"><\/div><div class=\"video-container\"><iframe loading=\"lazy\" title=\"FEM\" width=\"640\" height=\"360\" src=\"https:\/\/www.youtube.com\/embed\/5eaKYSCW-Kw?feature=oembed\" frameborder=\"0\" allow=\"accelerometer; autoplay; clipboard-write; encrypted-media; gyroscope; picture-in-picture; web-share\" referrerpolicy=\"strict-origin-when-cross-origin\" allowfullscreen><\/iframe><\/div><div style=\"height:50px\"><\/div><div class=\"video-container\"><iframe loading=\"lazy\" title=\"Housewife\" width=\"640\" height=\"360\" src=\"https:\/\/www.youtube.com\/embed\/T0dW3AfcfX0?feature=oembed\" frameborder=\"0\" allow=\"accelerometer; autoplay; clipboard-write; encrypted-media; gyroscope; picture-in-picture; web-share\" referrerpolicy=\"strict-origin-when-cross-origin\" allowfullscreen><\/iframe><\/div><div style=\"height:50px\"><\/div><div class=\"video-container\"><iframe loading=\"lazy\" title=\"Office Export\" width=\"640\" height=\"360\" src=\"https:\/\/www.youtube.com\/embed\/YGfjxhImEy8?feature=oembed\" frameborder=\"0\" allow=\"accelerometer; autoplay; clipboard-write; encrypted-media; gyroscope; picture-in-picture; web-share\" referrerpolicy=\"strict-origin-when-cross-origin\" allowfullscreen><\/iframe><\/div><div style=\"height:50px\"><\/div><div class=\"content-text\"><p>Die 3D-Animationen enstanden in Zusammenarbeit mit Charobay<\/p>\n<\/div>\t\t\t\t<\/div>\n\t\t\t\t<hr>\n\t\t\t<\/article>\n\t\t\t\t\t<\/div>\n<\/section>\n<section id=\"mzgr-accordion-designer-in-residence-new-4\" class=\"mzgr-accordion-designer-in-residence-new\">\n\t<div class=\"col-sm-12 col-md-8\">\n\t\t\t\t\t\t\t<article>\n\t\t\t\t<a href=\"#\" class=\"toggle-accordion-new\" data-target=\"#element-mzgr-accordion-designer-in-residence-new-4-1\"><i class=\"text-size-1 fa fa-chevron-up\"><\/i> <span class=\"emma-font text-size-1 black\">Marina Aleksashina<\/span><\/a>\n\t\t\t\t<div id=\"element-mzgr-accordion-designer-in-residence-new-4-1\" class=\"accordion-content\" style=\"display: block;\">\n\t\t\t\t\t\t<div style=\"height:50px\"><\/div><div class=\"content-text\"><p>Marina Aleksashina ist in Moskau geboren und aufgewachsen. Sie studierte akademisches Zeichnen und Malerei und anschlie\u00dfend Modedesign und Art Direction in der Modeindustrie an der HSE Art and Design School in Moskau. W\u00e4hrend ihres Studiums interessierte sie sich f\u00fcr soziale und politische Aspekte des zeitgen\u00f6ssischen Designs, was sie auch in ihre Abschlusskollektion einflie\u00dfen lie\u00df. Mit ihrer Abschlusskollektion erreichte sie das Finale der Design Graduiertenshow von i-D und Artsthread. Neben ihren Modedesign-Projekten interessiert sie sich f\u00fcr interdisziplin\u00e4res Design und die Entwicklung von Designr\u00e4umen. 2018 gewann Marina Aleksashina den Wettbewerb von Herm\u00e8s zur Gestaltung von Schaufenstern in Moskau.<\/p>\n<p><a href=\"https:\/\/readymag.com\/anfxl\/2299386\/3\/\" target=\"_blank\" rel=\"noopener\">readymag.com\/anfxl\/2299386\/3\/<\/a><\/p>\n<\/div><div style=\"height:50px\"><\/div><div style=\"position:relative;\"><div id=\"slider2\" class=\"amc-gallery amc_slider\"><div><img decoding=\"async\" src=\"https:\/\/www.emma-pf.de\/wp-content\/uploads\/2021\/07\/2021_Designers_in_Residence_Marina_Aleksashina_Foto_Benedikt_Adler-10.jpg\" alt=\"\" style=\"height:600px!important;width:auto!important;\"><\/div><div><img decoding=\"async\" src=\"https:\/\/www.emma-pf.de\/wp-content\/uploads\/2021\/07\/2021_Designers_in_Residence_Marina_Aleksashina_Foto_Benedikt_Adler-13.jpg\" alt=\"\" style=\"height:600px!important;width:auto!important;\"><\/div><div><img decoding=\"async\" src=\"https:\/\/www.emma-pf.de\/wp-content\/uploads\/2021\/06\/2021_Designers_in_Residence_Marina_Aleksashina_Foto_Benedikt_Adler-32.jpg\" alt=\"\" style=\"height:600px!important;width:auto!important;\"><\/div><\/div><\/div><script type=\"text\/javascript\">\njQuery(document).ready(function($){\n\n    var slider2 = tns({\n        container: '#slider2.amc_slider',\n        controls: true,\n        controlsText: ['<i class=\"fa fa-2x fa-chevron-left\" style=\"color:#000;\"><\/i>', '<i class=\"fa fa-2x fa-chevron-right\" style=\"color:#000;\"><\/i>'],\n        nav: false,\n        autoWidth: true,\n        autoplayButtonOutput: false,\n        autoplay: true,\n        \/\/ items: 1.4,\n        gutter: 30,\n        mouseDrag: true,\n        swipeAngle: false,\n        slideBy: 1,\n        \/\/ navAsThumbnails: true,\n        speed: 400\n    });\n\n});\n<\/script>\n\t\t\t\t<\/div>\n\t\t\t\t<hr>\n\t\t\t<\/article>\n\t\t\t\t\t<\/div>\n<\/section>\n","protected":false},"excerpt":{"rendered":"<p>Array Designers in Residence, 2021, Marina Aleksashina, Naama Levit, Caio Mahin, Jury 2021 Playground Hazards \u201eMein Projekt &#8222;Playground Hazards&#8220; besch\u00e4ftigt sich mit dem sozialen Druck, der in der Phase des Erwachsenwerdens und auf der Suche nach der eigenen Identit\u00e4t auf einem lastet, und dem Gef\u00fchl, dass alle Rollen in der Gesellschaft bereits verteilt sind. Die [&hellip;]<\/p>\n","protected":false},"author":2,"featured_media":0,"parent":0,"menu_order":52,"comment_status":"closed","ping_status":"closed","template":"","meta":{"_acf_changed":false,"footnotes":""},"class_list":["post-5900","page","type-page","status-publish","hentry"],"acf":[],"_links":{"self":[{"href":"https:\/\/www.emma-pf.de\/en\/wp-json\/wp\/v2\/pages\/5900","targetHints":{"allow":["GET"]}}],"collection":[{"href":"https:\/\/www.emma-pf.de\/en\/wp-json\/wp\/v2\/pages"}],"about":[{"href":"https:\/\/www.emma-pf.de\/en\/wp-json\/wp\/v2\/types\/page"}],"author":[{"embeddable":true,"href":"https:\/\/www.emma-pf.de\/en\/wp-json\/wp\/v2\/users\/2"}],"replies":[{"embeddable":true,"href":"https:\/\/www.emma-pf.de\/en\/wp-json\/wp\/v2\/comments?post=5900"}],"version-history":[{"count":13,"href":"https:\/\/www.emma-pf.de\/en\/wp-json\/wp\/v2\/pages\/5900\/revisions"}],"predecessor-version":[{"id":7809,"href":"https:\/\/www.emma-pf.de\/en\/wp-json\/wp\/v2\/pages\/5900\/revisions\/7809"}],"wp:attachment":[{"href":"https:\/\/www.emma-pf.de\/en\/wp-json\/wp\/v2\/media?parent=5900"}],"curies":[{"name":"wp","href":"https:\/\/api.w.org\/{rel}","templated":true}]}}