{"id":7338,"date":"2021-09-20T15:47:08","date_gmt":"2021-09-20T13:47:08","guid":{"rendered":"https:\/\/www.emma-pf.de\/?page_id=7338"},"modified":"2022-01-28T15:43:22","modified_gmt":"2022-01-28T14:43:22","slug":"mira-kim","status":"publish","type":"page","link":"https:\/\/www.emma-pf.de\/en\/mira-kim\/","title":{"rendered":"Mira Kim"},"content":{"rendered":"Array<nav id=\"section-mzgr-submenu-1\">\n\t<div class=\"col-sm-12 col-md-8 mzgr-submenu-container\">\n\t\t<ul class=\"mzgr-submenu emma-font text-size-1\">\n\t\t\t<li>\n\t\t\t\t<span class=\"purple\">Designers in Residence<\/span><span>, <\/span>\n\t\t\t<\/li>\n\t\t\t\t\t\t<li class=\"\">\n\t\t\t\t\t\t\t\t\t<a href=\"https:\/\/www.emma-pf.de\/en\/designers-in-residence-2020\/\">Jahrgang 2020<\/a><span>, <\/span>\t\t\t<\/li>\n\t\t\t\t\t\t<li class=\"\">\n\t\t\t\t\t\t\t\t\t<a href=\"https:\/\/www.emma-pf.de\/en\/maria-appleton\/\">Maria Appleton<\/a><span>, <\/span>\t\t\t<\/li>\n\t\t\t\t\t\t<li class=\" current_page_item\">\n\t\t\t\t<h1 class=\"text-size-1\">\t\t\t\t\t<a href=\"https:\/\/www.emma-pf.de\/en\/mira-kim\/\">Mira Kim<\/a><span>, <\/span><\/h1>\t\t\t<\/li>\n\t\t\t\t\t\t<li class=\"\">\n\t\t\t\t\t\t\t\t\t<a href=\"https:\/\/www.emma-pf.de\/en\/jaspar-rogers\/\">Jaspar Rogers<\/a><span>, <\/span>\t\t\t<\/li>\n\t\t\t\t\t\t<li class=\"\">\n\t\t\t\t\t\t\t\t\t<a href=\"https:\/\/www.emma-pf.de\/en\/jury-2020\/\">Jury 2020<\/a>\t\t\t<\/li>\n\t\t\t\t\t<\/ul>\n\t\t<div class=\"clearfix\"><\/div>\n\t<\/div>\n<\/nav>\n<section id=\"mzgr-accordion-designer-in-residence-new-2\" class=\"mzgr-accordion-designer-in-residence-new\">\n\t<div class=\"col-sm-12 col-md-8\">\n\t\t\t\t\t\t\t<article>\n\t\t\t\t<a href=\"#\" class=\"toggle-accordion-new\" data-target=\"#element-mzgr-accordion-designer-in-residence-new-2-1\"><i class=\"text-size-1 fa fa-chevron-up\"><\/i> <span class=\"emma-font text-size-1 black\">In Flux<\/span><\/a>\n\t\t\t\t<div id=\"element-mzgr-accordion-designer-in-residence-new-2-1\" class=\"accordion-content\" style=\"display: block;\">\n\t\t\t\t\t\t<div style=\"height:50px\"><\/div><div class=\"content-text\"><p>Die Schmuckdesignerin Mira Kim verarbeitet in ihren Werken Informationen, um Eindr\u00fccke und neue Perspektiven zu schaffen, die dem Betrachter eine Neubewertung dieser Informationen erm\u00f6glichen. In Pforzheim besch\u00e4ftigte sich Mira Kim intensiv mit dem alten Emma-Jaeger-Bad und der M\u00e4nnerschwimmhalle. Sie f\u00fchrte Recherchen und Interviews \u00fcber das alte Bad durch. So entstand \u201eIn Flux\u201c, eine Reihe aus Schmuckst\u00fccken und Objekten, die eine Verbindung zwischen der Schwimmhalle, den Menschen die dort arbeiteten oder geschwommen sind und der Stadt Pforzheim herstellen.<\/p>\n<\/div><div style=\"height:50px\"><\/div><div style=\"position:relative;\"><div id=\"slider1\" class=\"amc-gallery amc_slider\"><div><img decoding=\"async\" src=\"https:\/\/www.emma-pf.de\/wp-content\/uploads\/2020\/11\/DSC9804.jpg\" alt=\"\" style=\"height:600px!important;width:auto!important;\"><p><small class=\"amc_caption\">\"Slides\"\nSize: 170 x 95 x 20 mm\nMaterials: Silver, Plastic\n<\/small><\/p><\/div><div><img decoding=\"async\" src=\"https:\/\/www.emma-pf.de\/wp-content\/uploads\/2020\/11\/DSC9808.jpg\" alt=\"\" style=\"height:600px!important;width:auto!important;\"><p><small class=\"amc_caption\">\"Emma Tickets\"\nSize: 55 x 43 x 15 mm, 57 x 43 x 15 mm, 55 x 43 x 15 mm \nMaterials: Silver, Plastic\n<\/small><\/p><\/div><div><img decoding=\"async\" src=\"https:\/\/www.emma-pf.de\/wp-content\/uploads\/2020\/11\/DSC9814.jpg\" alt=\"\" style=\"height:600px!important;width:auto!important;\"><p><small class=\"amc_caption\">\"Water in the Pool\"\nSize: 20.5 x 95 x 60 mm\nMaterials: Silver, Plastic\n<\/small><\/p><\/div><div><img decoding=\"async\" src=\"https:\/\/www.emma-pf.de\/wp-content\/uploads\/2020\/11\/DSC9820.jpg\" alt=\"\" style=\"height:600px!important;width:auto!important;\"><p><small class=\"amc_caption\">\"Swimming in Pforzheim\"\nSize: 95 x 113 x 25 mm\nMaterials: Silver, Plastic\n<\/small><\/p><\/div><div><img decoding=\"async\" src=\"https:\/\/www.emma-pf.de\/wp-content\/uploads\/2020\/11\/DSC9823.jpg\" alt=\"\" style=\"height:600px!important;width:auto!important;\"><p><small class=\"amc_caption\">\"Time\"\nSize: 205 x 113 x 85 mm\nMaterials: Silver, Plastic\n<\/small><\/p><\/div><div><img decoding=\"async\" src=\"https:\/\/www.emma-pf.de\/wp-content\/uploads\/2020\/11\/DSC9827.jpg\" alt=\"\" style=\"height:600px!important;width:auto!important;\"><p><small class=\"amc_caption\">\"Water in the Pool\"\r\nSize: 580 x 300 x 30 mm\r\nMaterials: Silver, Emma Jaeger Bad Tiles, Plastic\r\n\r\nFoto und Copyright: Winfried Reinhardt<\/small><\/p><\/div><div><img decoding=\"async\" src=\"https:\/\/www.emma-pf.de\/wp-content\/uploads\/2020\/11\/DSC9830.jpg\" alt=\"\" style=\"height:600px!important;width:auto!important;\"><p><small class=\"amc_caption\">\"Untitled\"\nSize: 560 x 300 x 240 mm\nMaterials: Iron\n<\/small><\/p><\/div><div><img decoding=\"async\" src=\"https:\/\/www.emma-pf.de\/wp-content\/uploads\/2020\/11\/DSC9861.jpg\" alt=\"\" style=\"height:600px!important;width:auto!important;\"><p><small class=\"amc_caption\">Left side: \"Untitled\"\nSize: 900 x 1520 x 470 mm\nMaterials: HDPE, Stainless Steel\n<\/small><\/p><\/div><div><img decoding=\"async\" src=\"https:\/\/www.emma-pf.de\/wp-content\/uploads\/2020\/11\/DSC9873.jpg\" alt=\"\" style=\"height:600px!important;width:auto!important;\"><p><small class=\"amc_caption\">\"Untitled\"\nSize: 1570 x 730 x 890 mm\nMaterials: HDPE, Stainless Steel\n<\/small><\/p><\/div><\/div><\/div><script type=\"text\/javascript\">\njQuery(document).ready(function($){\n\n    var slider1 = tns({\n        container: '#slider1.amc_slider',\n        controls: true,\n        controlsText: ['<i class=\"fa fa-2x fa-chevron-left\" style=\"color:#000;\"><\/i>', '<i class=\"fa fa-2x fa-chevron-right\" style=\"color:#000;\"><\/i>'],\n        nav: false,\n        autoWidth: true,\n        autoplayButtonOutput: false,\n        autoplay: true,\n        \/\/ items: 1.4,\n        gutter: 30,\n        mouseDrag: true,\n        swipeAngle: false,\n        slideBy: 1,\n        \/\/ navAsThumbnails: true,\n        speed: 400\n    });\n\n});\n<\/script>\n<div style=\"height:50px\"><\/div><div class=\"video-container\"><iframe loading=\"lazy\" title=\"Designers in Residence 2020 \u2013 Mira Kim\" width=\"640\" height=\"360\" src=\"https:\/\/www.youtube.com\/embed\/yjR8xJ5k5wY?feature=oembed\" frameborder=\"0\" allow=\"accelerometer; autoplay; clipboard-write; encrypted-media; gyroscope; picture-in-picture; web-share\" referrerpolicy=\"strict-origin-when-cross-origin\" allowfullscreen><\/iframe><\/div>\t\t\t\t<\/div>\n\t\t\t\t<hr>\n\t\t\t<\/article>\n\t\t\t\t\t<\/div>\n<\/section>\n<section id=\"mzgr-accordion-designer-in-residence-new-3\" class=\"mzgr-accordion-designer-in-residence-new\">\n\t<div class=\"col-sm-12 col-md-8\">\n\t\t\t\t\t\t\t<article>\n\t\t\t\t<a href=\"#\" class=\"toggle-accordion-new\" data-target=\"#element-mzgr-accordion-designer-in-residence-new-3-1\"><i class=\"text-size-1 fa fa-chevron-up\"><\/i> <span class=\"emma-font text-size-1 black\">Mira Kim<\/span><\/a>\n\t\t\t\t<div id=\"element-mzgr-accordion-designer-in-residence-new-3-1\" class=\"accordion-content\" style=\"display: block;\">\n\t\t\t\t\t\t<div style=\"height:50px\"><\/div><div class=\"content-text\"><p><strong>Mira Kim<\/strong>\u00a0wurde in Seoul geboren, wo sie auch Metalldesign an der Hanyang University studierte. Anschlie\u00dfend absolvierte sie den Masterstudiengang Edelstein und Schmuck an der Hochschule Trier in Idar-Oberstein. Im Jahr 2019 stellte sie ihre Arbeiten auf der Marzee Graduation Show in M\u00fcnchen aus und war wurde von klimt02 als \u201eSelected Graduate\u201c f\u00fcr die Hochschule Trier ausgezeichnet.<\/p>\n<\/div><div style=\"height:50px\"><\/div><div style=\"position:relative;\"><div id=\"slider2\" class=\"amc-gallery amc_slider\"><div><img decoding=\"async\" src=\"https:\/\/www.emma-pf.de\/wp-content\/uploads\/2020\/09\/DSC6677-1.jpg\" alt=\"\" style=\"height:600px!important;width:auto!important;\"><p><small class=\"amc_caption\">Mira Kim, Jewelry Designer, South Korea; Foto Winfried Reinhardt\n\n<\/small><\/p><\/div><div><img decoding=\"async\" src=\"https:\/\/www.emma-pf.de\/wp-content\/uploads\/2020\/11\/DSC9529.jpg\" alt=\"\" style=\"height:600px!important;width:auto!important;\"><p><small class=\"amc_caption\">Foto und Copyright: Winfried Reinhardt<\/small><\/p><\/div><div><img decoding=\"async\" src=\"https:\/\/www.emma-pf.de\/wp-content\/uploads\/2020\/11\/DSC9513.jpg\" alt=\"\" style=\"height:600px!important;width:auto!important;\"><\/div><div><img decoding=\"async\" src=\"https:\/\/www.emma-pf.de\/wp-content\/uploads\/2020\/11\/DSC9377.jpg\" alt=\"\" style=\"height:600px!important;width:auto!important;\"><\/div><div><img decoding=\"async\" src=\"https:\/\/www.emma-pf.de\/wp-content\/uploads\/2020\/11\/DSC9425.jpg\" alt=\"\" style=\"height:600px!important;width:auto!important;\"><\/div><div><img decoding=\"async\" src=\"https:\/\/www.emma-pf.de\/wp-content\/uploads\/2020\/11\/DSC9458.jpg\" alt=\"\" style=\"height:600px!important;width:auto!important;\"><\/div><div><img decoding=\"async\" src=\"https:\/\/www.emma-pf.de\/wp-content\/uploads\/2020\/11\/DSC9478.jpg\" alt=\"\" style=\"height:600px!important;width:auto!important;\"><\/div><\/div><\/div><script type=\"text\/javascript\">\njQuery(document).ready(function($){\n\n    var slider2 = tns({\n        container: '#slider2.amc_slider',\n        controls: true,\n        controlsText: ['<i class=\"fa fa-2x fa-chevron-left\" style=\"color:#000;\"><\/i>', '<i class=\"fa fa-2x fa-chevron-right\" style=\"color:#000;\"><\/i>'],\n        nav: false,\n        autoWidth: true,\n        autoplayButtonOutput: false,\n        autoplay: true,\n        \/\/ items: 1.4,\n        gutter: 30,\n        mouseDrag: true,\n        swipeAngle: false,\n        slideBy: 1,\n        \/\/ navAsThumbnails: true,\n        speed: 400\n    });\n\n});\n<\/script>\n\t\t\t\t<\/div>\n\t\t\t\t<hr>\n\t\t\t<\/article>\n\t\t\t\t\t<\/div>\n<\/section>\n","protected":false},"excerpt":{"rendered":"<p>Array Designers in Residence, Jahrgang 2020, Maria Appleton, Mira Kim, Jaspar Rogers, Jury 2020 In Flux Die Schmuckdesignerin Mira Kim verarbeitet in ihren Werken Informationen, um Eindr\u00fccke und neue Perspektiven zu schaffen, die dem Betrachter eine Neubewertung dieser Informationen erm\u00f6glichen. In Pforzheim besch\u00e4ftigte sich Mira Kim intensiv mit dem alten Emma-Jaeger-Bad und der M\u00e4nnerschwimmhalle. Sie [&hellip;]<\/p>\n","protected":false},"author":2,"featured_media":0,"parent":0,"menu_order":38,"comment_status":"closed","ping_status":"closed","template":"","meta":{"_acf_changed":false,"footnotes":""},"class_list":["post-7338","page","type-page","status-publish","hentry"],"acf":[],"_links":{"self":[{"href":"https:\/\/www.emma-pf.de\/en\/wp-json\/wp\/v2\/pages\/7338","targetHints":{"allow":["GET"]}}],"collection":[{"href":"https:\/\/www.emma-pf.de\/en\/wp-json\/wp\/v2\/pages"}],"about":[{"href":"https:\/\/www.emma-pf.de\/en\/wp-json\/wp\/v2\/types\/page"}],"author":[{"embeddable":true,"href":"https:\/\/www.emma-pf.de\/en\/wp-json\/wp\/v2\/users\/2"}],"replies":[{"embeddable":true,"href":"https:\/\/www.emma-pf.de\/en\/wp-json\/wp\/v2\/comments?post=7338"}],"version-history":[{"count":6,"href":"https:\/\/www.emma-pf.de\/en\/wp-json\/wp\/v2\/pages\/7338\/revisions"}],"predecessor-version":[{"id":7780,"href":"https:\/\/www.emma-pf.de\/en\/wp-json\/wp\/v2\/pages\/7338\/revisions\/7780"}],"wp:attachment":[{"href":"https:\/\/www.emma-pf.de\/en\/wp-json\/wp\/v2\/media?parent=7338"}],"curies":[{"name":"wp","href":"https:\/\/api.w.org\/{rel}","templated":true}]}}