{"id":7592,"date":"2022-01-10T12:18:44","date_gmt":"2022-01-10T11:18:44","guid":{"rendered":"https:\/\/www.emma-pf.de\/?page_id=7592"},"modified":"2022-01-28T15:42:46","modified_gmt":"2022-01-28T14:42:46","slug":"jury-2020","status":"publish","type":"page","link":"https:\/\/www.emma-pf.de\/en\/jury-2020\/","title":{"rendered":"Jury 2020"},"content":{"rendered":"Array<nav id=\"section-mzgr-submenu-1\">\n\t<div class=\"col-sm-12 col-md-8 mzgr-submenu-container\">\n\t\t<ul class=\"mzgr-submenu emma-font text-size-1\">\n\t\t\t<li>\n\t\t\t\t<span class=\"purple\">Designers in Residence<\/span><span>, <\/span>\n\t\t\t<\/li>\n\t\t\t\t\t\t<li class=\"\">\n\t\t\t\t\t\t\t\t\t<a href=\"https:\/\/www.emma-pf.de\/en\/designers-in-residence-2020\/\">Jahrgang 2020<\/a><span>, <\/span>\t\t\t<\/li>\n\t\t\t\t\t\t<li class=\"\">\n\t\t\t\t\t\t\t\t\t<a href=\"https:\/\/www.emma-pf.de\/en\/maria-appleton\/\">Maria Appleton<\/a><span>, <\/span>\t\t\t<\/li>\n\t\t\t\t\t\t<li class=\"\">\n\t\t\t\t\t\t\t\t\t<a href=\"https:\/\/www.emma-pf.de\/en\/mira-kim\/\">Mira Kim<\/a><span>, <\/span>\t\t\t<\/li>\n\t\t\t\t\t\t<li class=\"\">\n\t\t\t\t\t\t\t\t\t<a href=\"https:\/\/www.emma-pf.de\/en\/jaspar-rogers\/\">Jaspar Rogers<\/a><span>, <\/span>\t\t\t<\/li>\n\t\t\t\t\t\t<li class=\" current_page_item\">\n\t\t\t\t<h1 class=\"text-size-1\">\t\t\t\t\t<a href=\"https:\/\/www.emma-pf.de\/en\/jury-2020\/\">Jury 2020<\/a>\t\t\t<\/li>\n\t\t\t\t\t<\/ul>\n\t\t<div class=\"clearfix\"><\/div>\n\t<\/div>\n<\/nav>\n<section id=\"mzgr-content-space-1-2\" class=\"op-section mzgr-content-space-1\" style=\"height: 100px;\"><\/section>\n<section id=\"mzgr-accordion-designer-in-residence-new-3\" class=\"mzgr-accordion-designer-in-residence-new\">\n\t<div class=\"col-sm-12 col-md-8\">\n\t\t\t\t\t\t\t<article>\n\t\t\t\t<a href=\"#\" class=\"toggle-accordion-new\" data-target=\"#element-mzgr-accordion-designer-in-residence-new-3-1\"><i class=\"text-size-1 fa fa-chevron-up\"><\/i> <span class=\"emma-font text-size-1 black\">Jury<\/span><\/a>\n\t\t\t\t<div id=\"element-mzgr-accordion-designer-in-residence-new-3-1\" class=\"accordion-content\" style=\"display: block;\">\n\t\t\t\t\t\t<div style=\"height:25px\"><\/div><div class=\"content-text\"><div class=\"content-text\">\n<h3 class=\"black emma-font\">Sam Tho Duong\/ Schmuckdesigner<\/h3>\n<p><strong>Sam Tho Duong<\/strong>\u00a0besuchte nach seiner Goldschmiedelehre am Berufskolleg f\u00fcr Design, Schmuck und Ger\u00e4t in Pforzheim und bei der Dr. Wellendorff GmbH die Hochschule f\u00fcr Gestaltung in Pforzheim, die er 2002 mit einem Diplom abschloss. Seither arbeitet er als<a href=\"http:\/\/gogotho.de\/\" target=\"_blank\" rel=\"noopener\">\u00a0freischaffender Designer<\/a>\u00a0und ist f\u00fcr seinen detaillierten und vielschichtigen K\u00f6rper- und Halsschmuck bekannt, v.a. f\u00fcr seine Kollektion \u201eFrozen\u201c\u00a0 aus S\u00fc\u00dfwasser-Reiskornperlen. Seine Arbeiten sind Teil privater und musealer Sammlungen, u.a. im Schmuckmuseum Pforzheim, im Museums of Art and Design in New York oder im CODA Museum Apeldoorn. Dar\u00fcber hinaus erhielt er zahlreiche Preise, u.a. den Staatspreis Baden-W\u00fcrttemberg, den Friedrich Becker Preis oder den Herbert-Hofmann-Preis.<\/p>\n<\/div>\n<\/div><div style=\"height:25px\"><\/div><div style=\"position:relative;\"><div id=\"slider1\" class=\"amc-gallery amc_slider\"><div><img decoding=\"async\" src=\"https:\/\/www.emma-pf.de\/wp-content\/uploads\/2020\/01\/DSC4333.jpg\" alt=\"\" style=\"height:600px!important;width:auto!important;\"><p><small class=\"amc_caption\">Foto und Copyright: Winfried Reinhardt\n\n<\/small><\/p><\/div><\/div><\/div><script type=\"text\/javascript\">\njQuery(document).ready(function($){\n\n    var slider1 = tns({\n        container: '#slider1.amc_slider',\n        controls: true,\n        controlsText: ['<i class=\"fa fa-2x fa-chevron-left\" style=\"color:#000;\"><\/i>', '<i class=\"fa fa-2x fa-chevron-right\" style=\"color:#000;\"><\/i>'],\n        nav: false,\n        autoWidth: true,\n        autoplayButtonOutput: false,\n        autoplay: true,\n        \/\/ items: 1.4,\n        gutter: 30,\n        mouseDrag: true,\n        swipeAngle: false,\n        slideBy: 1,\n        \/\/ navAsThumbnails: true,\n        speed: 400\n    });\n\n});\n<\/script>\n<div style=\"height:50px\"><\/div><div class=\"content-text\"><h3><strong>Bettina Weiss\/ Senior Designer bei adidas<\/strong><\/h3>\n<p><strong>Bettina Weiss<\/strong> studierte nach einer Ausbildung zur Schneiderin und einer T\u00e4tigkeit im Theater Modedesign an der Hochschule Pforzheim. W\u00e4hrend des Studiums arbeitete sie als Technical &amp; Color Designer f\u00fcr adidas Stella Mc Cartney, anschlie\u00dfend war sie f\u00fcr adidas Sport Performance Design t\u00e4tig. Aktuell ist Bettina Weiss Senior Designer bei adidas Heartbeat Sports\/Specialist Sports. Seit 2016 ist sie zudem Lehrbeauftragte f\u00fcr Sport- und Freizeitbekleidung an der Hochschule Pforzheim.<\/p>\n<\/div><div style=\"height:25px\"><\/div><div style=\"position:relative;\"><div id=\"slider2\" class=\"amc-gallery amc_slider\"><div><img decoding=\"async\" src=\"https:\/\/www.emma-pf.de\/wp-content\/uploads\/2020\/01\/DSC4316.jpg\" alt=\"\" style=\"height:600px!important;width:auto!important;\"><p><small class=\"amc_caption\">Foto und Copyright: Winfried Reinhardt\n<\/small><\/p><\/div><\/div><\/div><script type=\"text\/javascript\">\njQuery(document).ready(function($){\n\n    var slider2 = tns({\n        container: '#slider2.amc_slider',\n        controls: true,\n        controlsText: ['<i class=\"fa fa-2x fa-chevron-left\" style=\"color:#000;\"><\/i>', '<i class=\"fa fa-2x fa-chevron-right\" style=\"color:#000;\"><\/i>'],\n        nav: false,\n        autoWidth: true,\n        autoplayButtonOutput: false,\n        autoplay: true,\n        \/\/ items: 1.4,\n        gutter: 30,\n        mouseDrag: true,\n        swipeAngle: false,\n        slideBy: 1,\n        \/\/ navAsThumbnails: true,\n        speed: 400\n    });\n\n});\n<\/script>\n<div style=\"height:50px\"><\/div><div class=\"content-text\"><h3>Stefan Lippert\/ Gesch\u00e4ftsf\u00fchrer UP Designstudio<\/h3>\n<p><strong>Stefan Lippert<\/strong> ist einer der gesch\u00e4ftsf\u00fchrenden Gesellschafter des UP Designstudios, das zu den gr\u00f6\u00dferen Beratungsunternehmen f\u00fcr Produktdesign in Deutschland geh\u00f6rt.<br \/>\nDas B\u00fcro arbeitet f\u00fcr seine \u00fcberwiegend marktf\u00fchrenden Auftraggeber im Themenkreis Nutzerorientierung \u2013 Innovation \u2013 Design. Die Arbeiten von UP Designstudio wurden bis heute mehr als vierzig Mal mit renommierten internationalen Designpreisen ausgezeichnet. Neben seiner T\u00e4tigkeit als Gesch\u00e4ftsf\u00fchrer und Berater bei UP Designstudio ist Stefan Lippert auch als Startup-Unternehmer aktiv. So entstanden unter seiner Leitung jeweils in der fr\u00fchen Phase das ELMOTO Elektromotorrad und die GIBBON Slacklines.<\/p>\n<\/div><div style=\"height:25px\"><\/div><div style=\"position:relative;\"><div id=\"slider3\" class=\"amc-gallery amc_slider\"><div><img decoding=\"async\" src=\"https:\/\/www.emma-pf.de\/wp-content\/uploads\/2020\/01\/DSC4295-1.jpg\" alt=\"\" style=\"height:600px!important;width:auto!important;\"><p><small class=\"amc_caption\">Foto und Copyright: Winfried Reinhardt\n<\/small><\/p><\/div><\/div><\/div><script type=\"text\/javascript\">\njQuery(document).ready(function($){\n\n    var slider3 = tns({\n        container: '#slider3.amc_slider',\n        controls: true,\n        controlsText: ['<i class=\"fa fa-2x fa-chevron-left\" style=\"color:#000;\"><\/i>', '<i class=\"fa fa-2x fa-chevron-right\" style=\"color:#000;\"><\/i>'],\n        nav: false,\n        autoWidth: true,\n        autoplayButtonOutput: false,\n        autoplay: true,\n        \/\/ items: 1.4,\n        gutter: 30,\n        mouseDrag: true,\n        swipeAngle: false,\n        slideBy: 1,\n        \/\/ navAsThumbnails: true,\n        speed: 400\n    });\n\n});\n<\/script>\n\t\t\t\t<\/div>\n\t\t\t\t<hr>\n\t\t\t<\/article>\n\t\t\t\t\t<\/div>\n<\/section>\n","protected":false},"excerpt":{"rendered":"<p>Array Designers in Residence, Jahrgang 2020, Maria Appleton, Mira Kim, Jaspar Rogers, Jury 2020 Jury Sam Tho Duong\/ Schmuckdesigner Sam Tho Duong\u00a0besuchte nach seiner Goldschmiedelehre am Berufskolleg f\u00fcr Design, Schmuck und Ger\u00e4t in Pforzheim und bei der Dr. Wellendorff GmbH die Hochschule f\u00fcr Gestaltung in Pforzheim, die er 2002 mit einem Diplom abschloss. Seither arbeitet [&hellip;]<\/p>\n","protected":false},"author":2,"featured_media":0,"parent":0,"menu_order":26,"comment_status":"closed","ping_status":"closed","template":"","meta":{"_acf_changed":false,"footnotes":""},"class_list":["post-7592","page","type-page","status-publish","hentry"],"acf":[],"_links":{"self":[{"href":"https:\/\/www.emma-pf.de\/en\/wp-json\/wp\/v2\/pages\/7592","targetHints":{"allow":["GET"]}}],"collection":[{"href":"https:\/\/www.emma-pf.de\/en\/wp-json\/wp\/v2\/pages"}],"about":[{"href":"https:\/\/www.emma-pf.de\/en\/wp-json\/wp\/v2\/types\/page"}],"author":[{"embeddable":true,"href":"https:\/\/www.emma-pf.de\/en\/wp-json\/wp\/v2\/users\/2"}],"replies":[{"embeddable":true,"href":"https:\/\/www.emma-pf.de\/en\/wp-json\/wp\/v2\/comments?post=7592"}],"version-history":[{"count":6,"href":"https:\/\/www.emma-pf.de\/en\/wp-json\/wp\/v2\/pages\/7592\/revisions"}],"predecessor-version":[{"id":7778,"href":"https:\/\/www.emma-pf.de\/en\/wp-json\/wp\/v2\/pages\/7592\/revisions\/7778"}],"wp:attachment":[{"href":"https:\/\/www.emma-pf.de\/en\/wp-json\/wp\/v2\/media?parent=7592"}],"curies":[{"name":"wp","href":"https:\/\/api.w.org\/{rel}","templated":true}]}}