{"id":7612,"date":"2022-01-11T12:10:06","date_gmt":"2022-01-11T11:10:06","guid":{"rendered":"https:\/\/www.emma-pf.de\/?page_id=7612"},"modified":"2022-01-28T15:41:15","modified_gmt":"2022-01-28T14:41:15","slug":"jury-2018","status":"publish","type":"page","link":"https:\/\/www.emma-pf.de\/en\/jury-2018\/","title":{"rendered":"Jury 2018"},"content":{"rendered":"Array<nav id=\"section-mzgr-submenu-1\">\n\t<div class=\"col-sm-12 col-md-8 mzgr-submenu-container\">\n\t\t<ul class=\"mzgr-submenu emma-font text-size-1\">\n\t\t\t<li>\n\t\t\t\t<span class=\"purple\">Designers in Residence<\/span><span>, <\/span>\n\t\t\t<\/li>\n\t\t\t\t\t\t<li class=\"\">\n\t\t\t\t\t\t\t\t\t<a href=\"https:\/\/www.emma-pf.de\/en\/designers-in-reisidence-2018\/\">Jahrgang 2018<\/a><span>, <\/span>\t\t\t<\/li>\n\t\t\t\t\t\t<li class=\"\">\n\t\t\t\t\t\t\t\t\t<a href=\"https:\/\/www.emma-pf.de\/en\/james-boock\/\">James Boock<\/a><span>, <\/span>\t\t\t<\/li>\n\t\t\t\t\t\t<li class=\"\">\n\t\t\t\t\t\t\t\t\t<a href=\"https:\/\/www.emma-pf.de\/en\/avital-chalemsky\/\">Avital Chalemsky<\/a><span>, <\/span>\t\t\t<\/li>\n\t\t\t\t\t\t<li class=\"\">\n\t\t\t\t\t\t\t\t\t<a href=\"https:\/\/www.emma-pf.de\/en\/agnes-varnai\/\">\u00c1gnes V\u00e1rnai<\/a><span>, <\/span>\t\t\t<\/li>\n\t\t\t\t\t\t<li class=\" current_page_item\">\n\t\t\t\t<h1 class=\"text-size-1\">\t\t\t\t\t<a href=\"https:\/\/www.emma-pf.de\/en\/jury-2018\/\">Jury 2018<\/a>\t\t\t<\/li>\n\t\t\t\t\t<\/ul>\n\t\t<div class=\"clearfix\"><\/div>\n\t<\/div>\n<\/nav>\n<section id=\"mzgr-content-space-1-2\" class=\"op-section mzgr-content-space-1\" style=\"height: 100px;\"><\/section>\n<section id=\"mzgr-accordion-designer-in-residence-new-3\" class=\"mzgr-accordion-designer-in-residence-new\">\n\t<div class=\"col-sm-12 col-md-8\">\n\t\t\t\t\t\t\t<article>\n\t\t\t\t<a href=\"#\" class=\"toggle-accordion-new\" data-target=\"#element-mzgr-accordion-designer-in-residence-new-3-1\"><i class=\"text-size-1 fa fa-chevron-up\"><\/i> <span class=\"emma-font text-size-1 black\">Jury<\/span><\/a>\n\t\t\t\t<div id=\"element-mzgr-accordion-designer-in-residence-new-3-1\" class=\"accordion-content\" style=\"display: block;\">\n\t\t\t\t\t\t<div style=\"height:25px\"><\/div><div class=\"content-text\"><h3>Mirjam Hiller\/ Schmuckdesignerin<\/h3>\n<p><strong>Mirjam Hiller<\/strong> absolvierte eine Ausbildung an der Goldschmiedeschule Pforzheim. Anschlie\u00dfend studierte sie an der Fakult\u00e4t f\u00fcr Gestaltung der Hochschule Pforzheim und am Nova Scotia College of Art and Design in Halifax, Kanada. Seit 2008 betreibt sie ihre eigene Werkstatt. Ihre Arbeiten werden weltweit in renommierten Galerien gezeigt und sind Teil (privater und) musealer Sammlungen, z. B. im Schmuckmuseum Pforzheim, im CODA Museum in Apeldoorn oder im Los Angeles County Museum of Art. Dar\u00fcber hinaus erhielt sie mehrere Auszeichnungen, unter anderem den inhorgenta europe Innovationspreis oder den Grassipreis der Galerie Slavik.<\/p>\n<\/div><div style=\"height:25px\"><\/div><div style=\"position:relative;\"><div id=\"slider1\" class=\"amc-gallery amc_slider\"><div><img decoding=\"async\" src=\"https:\/\/www.emma-pf.de\/wp-content\/uploads\/2020\/12\/Mirjam-Hiller_Portrait_DIR-2017_Tschech_MG_9780.jpg\" alt=\"\" style=\"height:600px!important;width:auto!important;\"><\/div><\/div><\/div><script type=\"text\/javascript\">\njQuery(document).ready(function($){\n\n    var slider1 = tns({\n        container: '#slider1.amc_slider',\n        controls: true,\n        controlsText: ['<i class=\"fa fa-2x fa-chevron-left\" style=\"color:#000;\"><\/i>', '<i class=\"fa fa-2x fa-chevron-right\" style=\"color:#000;\"><\/i>'],\n        nav: false,\n        autoWidth: true,\n        autoplayButtonOutput: false,\n        autoplay: true,\n        \/\/ items: 1.4,\n        gutter: 30,\n        mouseDrag: true,\n        swipeAngle: false,\n        slideBy: 1,\n        \/\/ navAsThumbnails: true,\n        speed: 400\n    });\n\n});\n<\/script>\n<div style=\"height:50px\"><\/div><div class=\"content-text\"><h3 class=\"black emma-font\">Alexa Pollmann\/ Modedesignerin<\/h3>\n<p><strong>Alexa Pollmann<\/strong>\u00a0studierte Mode an der Fakult\u00e4t f\u00fcr Gestaltung der Hochschule Pforzheim und Design Interactions am Royal College of Art in London. Die in London ans\u00e4ssige Designerin gr\u00fcndete 2014 die Plattform\u00a0<a href=\"http:\/\/peut-porter.com\/\" target=\"_blank\" rel=\"noopener\">Peut- Porter<\/a>, ein Design-Kollektiv, das den K\u00f6rper als kulturelles Medium und die Interaktion von Kleidung, Technologie und Wissenschaft erforscht. Sie leitet den Masterstudiengang Wearable Futures am Ravensbourne College in London und h\u00e4lt Workshops an Institutionen wie dem ZKM in Karlsruhe oder dem Victoria &amp; Albert Museum in London.<\/p>\n<\/div><div style=\"height:25px\"><\/div><div style=\"position:relative;\"><div id=\"slider2\" class=\"amc-gallery amc_slider\"><div><img decoding=\"async\" src=\"https:\/\/www.emma-pf.de\/wp-content\/uploads\/2020\/12\/Alexa-Pollmann_Portrait_DIR-2017_MG_9819web.jpg\" alt=\"\" style=\"height:600px!important;width:auto!important;\"><\/div><\/div><\/div><script type=\"text\/javascript\">\njQuery(document).ready(function($){\n\n    var slider2 = tns({\n        container: '#slider2.amc_slider',\n        controls: true,\n        controlsText: ['<i class=\"fa fa-2x fa-chevron-left\" style=\"color:#000;\"><\/i>', '<i class=\"fa fa-2x fa-chevron-right\" style=\"color:#000;\"><\/i>'],\n        nav: false,\n        autoWidth: true,\n        autoplayButtonOutput: false,\n        autoplay: true,\n        \/\/ items: 1.4,\n        gutter: 30,\n        mouseDrag: true,\n        swipeAngle: false,\n        slideBy: 1,\n        \/\/ navAsThumbnails: true,\n        speed: 400\n    });\n\n});\n<\/script>\n<div style=\"height:50px\"><\/div><div class=\"content-text\"><h3>Tim Storti\/ Gesch\u00e4ftsf\u00fchrer PEARL CREATIVE<\/h3>\n<p><strong>Tim Storti<\/strong>, Dipl. Industriedesigner und Gr\u00fcndungspartner der Agentur PEARL CREATIVE, studierte Industrial Design an der Fachhochschule Pforzheim. Er arbeitete zun\u00e4chst als Produktdesigner bei Phoenix Design in Stuttgart. 2000 gr\u00fcndete er gemeinsam mit Christian Rummel PEARL CREATIVE, eine Agentur f\u00fcr Strategie, Innovation und Markendesign dessen Gesch\u00e4ftsf\u00fchrer und Kreativdirektor er ist. Mit seinem 12-k\u00f6pfigen Team entwickelt PEARL CREATIVE Zukunftskonzepte und Produkte f\u00fcr namhafte Markenhersteller wie ALFI, BLANCO, BRITA, BOSCH, K\u00c4RCHER, SIEMENS und WMF. Das Studio wurde f\u00fcr seine Arbeit mit \u00fcber 70 internationalen Designpreisen ausgezeichnet.<\/p>\n<\/div><div style=\"height:25px\"><\/div><div style=\"position:relative;\"><div id=\"slider3\" class=\"amc-gallery amc_slider\"><div><img decoding=\"async\" src=\"https:\/\/www.emma-pf.de\/wp-content\/uploads\/2020\/12\/Tim-Storti_Portrait_DIR-2017_Tschech_MG_9805web.jpg\" alt=\"\" style=\"height:600px!important;width:auto!important;\"><\/div><\/div><\/div><script type=\"text\/javascript\">\njQuery(document).ready(function($){\n\n    var slider3 = tns({\n        container: '#slider3.amc_slider',\n        controls: true,\n        controlsText: ['<i class=\"fa fa-2x fa-chevron-left\" style=\"color:#000;\"><\/i>', '<i class=\"fa fa-2x fa-chevron-right\" style=\"color:#000;\"><\/i>'],\n        nav: false,\n        autoWidth: true,\n        autoplayButtonOutput: false,\n        autoplay: true,\n        \/\/ items: 1.4,\n        gutter: 30,\n        mouseDrag: true,\n        swipeAngle: false,\n        slideBy: 1,\n        \/\/ navAsThumbnails: true,\n        speed: 400\n    });\n\n});\n<\/script>\n\t\t\t\t<\/div>\n\t\t\t\t<hr>\n\t\t\t<\/article>\n\t\t\t\t\t<\/div>\n<\/section>\n","protected":false},"excerpt":{"rendered":"<p>Array Designers in Residence, Jahrgang 2018, James Boock, Avital Chalemsky, \u00c1gnes V\u00e1rnai, Jury 2018 Jury Mirjam Hiller\/ Schmuckdesignerin Mirjam Hiller absolvierte eine Ausbildung an der Goldschmiedeschule Pforzheim. Anschlie\u00dfend studierte sie an der Fakult\u00e4t f\u00fcr Gestaltung der Hochschule Pforzheim und am Nova Scotia College of Art and Design in Halifax, Kanada. Seit 2008 betreibt sie ihre [&hellip;]<\/p>\n","protected":false},"author":2,"featured_media":0,"parent":0,"menu_order":100,"comment_status":"closed","ping_status":"closed","template":"","meta":{"_acf_changed":false,"footnotes":""},"class_list":["post-7612","page","type-page","status-publish","hentry"],"acf":[],"_links":{"self":[{"href":"https:\/\/www.emma-pf.de\/en\/wp-json\/wp\/v2\/pages\/7612","targetHints":{"allow":["GET"]}}],"collection":[{"href":"https:\/\/www.emma-pf.de\/en\/wp-json\/wp\/v2\/pages"}],"about":[{"href":"https:\/\/www.emma-pf.de\/en\/wp-json\/wp\/v2\/types\/page"}],"author":[{"embeddable":true,"href":"https:\/\/www.emma-pf.de\/en\/wp-json\/wp\/v2\/users\/2"}],"replies":[{"embeddable":true,"href":"https:\/\/www.emma-pf.de\/en\/wp-json\/wp\/v2\/comments?post=7612"}],"version-history":[{"count":3,"href":"https:\/\/www.emma-pf.de\/en\/wp-json\/wp\/v2\/pages\/7612\/revisions"}],"predecessor-version":[{"id":7772,"href":"https:\/\/www.emma-pf.de\/en\/wp-json\/wp\/v2\/pages\/7612\/revisions\/7772"}],"wp:attachment":[{"href":"https:\/\/www.emma-pf.de\/en\/wp-json\/wp\/v2\/media?parent=7612"}],"curies":[{"name":"wp","href":"https:\/\/api.w.org\/{rel}","templated":true}]}}