{"id":7628,"date":"2022-01-11T15:31:55","date_gmt":"2022-01-11T14:31:55","guid":{"rendered":"https:\/\/www.emma-pf.de\/?page_id=7628"},"modified":"2022-01-28T15:46:29","modified_gmt":"2022-01-28T14:46:29","slug":"elwy-schutten","status":"publish","type":"page","link":"https:\/\/www.emma-pf.de\/en\/elwy-schutten\/","title":{"rendered":"Elwy Schutten"},"content":{"rendered":"Array<nav id=\"section-mzgr-submenu-1\">\n\t<div class=\"col-sm-12 col-md-8 mzgr-submenu-container\">\n\t\t<ul class=\"mzgr-submenu emma-font text-size-1\">\n\t\t\t<li>\n\t\t\t\t<span class=\"purple\">Designers in Residence<\/span><span>, <\/span>\n\t\t\t<\/li>\n\t\t\t\t\t\t<li class=\"\">\n\t\t\t\t\t\t\t\t\t<a href=\"https:\/\/www.emma-pf.de\/en\/designers-in-residence-2017\/\">Jahrgang 2017<\/a><span>, <\/span>\t\t\t<\/li>\n\t\t\t\t\t\t<li class=\" current_page_item\">\n\t\t\t\t<h1 class=\"text-size-1\">\t\t\t\t\t<a href=\"https:\/\/www.emma-pf.de\/en\/elwy-schutten\/\">Elwy Schutten<\/a><span>, <\/span><\/h1>\t\t\t<\/li>\n\t\t\t\t\t\t<li class=\"\">\n\t\t\t\t\t\t\t\t\t<a href=\"https:\/\/www.emma-pf.de\/en\/mathilde-humbert\/\">Mathilde Humbert<\/a><span>, <\/span>\t\t\t<\/li>\n\t\t\t\t\t\t<li class=\"\">\n\t\t\t\t\t\t\t\t\t<a href=\"https:\/\/www.emma-pf.de\/en\/miriam-bohnenkaemper-und-or-shachar\/\">Miriam Bohnenk\u00e4mper und Or Shachar<\/a><span>, <\/span>\t\t\t<\/li>\n\t\t\t\t\t\t<li class=\"\">\n\t\t\t\t\t\t\t\t\t<a href=\"https:\/\/www.emma-pf.de\/en\/jury-2017\/\">Jury 2017<\/a>\t\t\t<\/li>\n\t\t\t\t\t<\/ul>\n\t\t<div class=\"clearfix\"><\/div>\n\t<\/div>\n<\/nav>\n<section id=\"mzgr-accordion-designer-in-residence-new-2\" class=\"mzgr-accordion-designer-in-residence-new\">\n\t<div class=\"col-sm-12 col-md-8\">\n\t\t\t\t\t\t\t<article>\n\t\t\t\t<a href=\"#\" class=\"toggle-accordion-new\" data-target=\"#element-mzgr-accordion-designer-in-residence-new-2-1\"><i class=\"text-size-1 fa fa-chevron-up\"><\/i> <span class=\"emma-font text-size-1 black\">Schmuckkollektion<\/span><\/a>\n\t\t\t\t<div id=\"element-mzgr-accordion-designer-in-residence-new-2-1\" class=\"accordion-content\" style=\"display: block;\">\n\t\t\t\t\t\t<div style=\"height:50px\"><\/div><div class=\"content-text\"><p>Lernen wir jemand Neues kennen, wissen wir automatisch, wie wir uns verhalten sollen \u2013 durch unsere Kultur wurde uns das vermittelt. Die Kultur lehrt uns, was wir tun und wie wir uns f\u00fchlen sollten. Sie gibt uns Gewissheit in unsicheren Situationen. Elwy Schutten fragt in ihrer Kollektion: Kann auch ein Schmuckst\u00fcck dies vermitteln?<br \/>\nIn den Schmuckst\u00fccken einer Kultur lassen sich typische Motive finden, die Geschichten, Gef\u00fchle und Verhaltensweisen transportieren. Elwy Schutten verwendet Motive von ehemaligen Pforzheimer Schmuckproduzenten, um mit dem Fallhammer Muster auf Metallbleche zu pr\u00e4gen, die sie mit Speckstein kombiniert. Diese beiden Materialen stellen zwei Schichten unserer Identit\u00e4t dar. Mit ihren Schmuckst\u00fccken fragt die Designerin: Wie verhalten sich diese Schichten zueinander? Und wie beeinflusst die Kultur unsere Identit\u00e4t?<\/p>\n<\/div><div style=\"height:50px\"><\/div><div style=\"position:relative;\"><div id=\"slider1\" class=\"amc-gallery amc_slider\"><div><img decoding=\"async\" src=\"https:\/\/www.emma-pf.de\/wp-content\/uploads\/2021\/01\/2017_DiR-4210.jpg\" alt=\"\" style=\"height:600px!important;width:auto!important;\"><\/div><div><img decoding=\"async\" src=\"https:\/\/www.emma-pf.de\/wp-content\/uploads\/2021\/01\/2017_DiR-4220.jpg\" alt=\"\" style=\"height:600px!important;width:auto!important;\"><\/div><div><img decoding=\"async\" src=\"https:\/\/www.emma-pf.de\/wp-content\/uploads\/2021\/01\/2017_DiR-8550.jpg\" alt=\"\" style=\"height:600px!important;width:auto!important;\"><\/div><div><img decoding=\"async\" src=\"https:\/\/www.emma-pf.de\/wp-content\/uploads\/2021\/01\/2017_DiR-8612.jpg\" alt=\"\" style=\"height:600px!important;width:auto!important;\"><\/div><div><img decoding=\"async\" src=\"https:\/\/www.emma-pf.de\/wp-content\/uploads\/2021\/01\/DSC9574.jpg\" alt=\"\" style=\"height:600px!important;width:auto!important;\"><\/div><div><img decoding=\"async\" src=\"https:\/\/www.emma-pf.de\/wp-content\/uploads\/2021\/01\/DSC2965.jpg\" alt=\"\" style=\"height:600px!important;width:auto!important;\"><p><small class=\"amc_caption\">Foto und Copyright: Winfried Reinhardt\n<\/small><\/p><\/div><div><img decoding=\"async\" src=\"https:\/\/www.emma-pf.de\/wp-content\/uploads\/2021\/01\/2017_DiR-3931.jpg\" alt=\"\" style=\"height:600px!important;width:auto!important;\"><\/div><div><img decoding=\"async\" src=\"https:\/\/www.emma-pf.de\/wp-content\/uploads\/2021\/01\/2017_DiR-4094.jpg\" alt=\"\" style=\"height:600px!important;width:auto!important;\"><\/div><\/div><\/div><script type=\"text\/javascript\">\njQuery(document).ready(function($){\n\n    var slider1 = tns({\n        container: '#slider1.amc_slider',\n        controls: true,\n        controlsText: ['<i class=\"fa fa-2x fa-chevron-left\" style=\"color:#000;\"><\/i>', '<i class=\"fa fa-2x fa-chevron-right\" style=\"color:#000;\"><\/i>'],\n        nav: false,\n        autoWidth: true,\n        autoplayButtonOutput: false,\n        autoplay: true,\n        \/\/ items: 1.4,\n        gutter: 30,\n        mouseDrag: true,\n        swipeAngle: false,\n        slideBy: 1,\n        \/\/ navAsThumbnails: true,\n        speed: 400\n    });\n\n});\n<\/script>\n\t\t\t\t<\/div>\n\t\t\t\t<hr>\n\t\t\t<\/article>\n\t\t\t\t\t<\/div>\n<\/section>\n<section id=\"mzgr-accordion-designer-in-residence-new-3\" class=\"mzgr-accordion-designer-in-residence-new\">\n\t<div class=\"col-sm-12 col-md-8\">\n\t\t\t\t\t\t\t<article>\n\t\t\t\t<a href=\"#\" class=\"toggle-accordion-new\" data-target=\"#element-mzgr-accordion-designer-in-residence-new-3-1\"><i class=\"text-size-1 fa fa-chevron-up\"><\/i> <span class=\"emma-font text-size-1 black\">Elwy Schutten<\/span><\/a>\n\t\t\t\t<div id=\"element-mzgr-accordion-designer-in-residence-new-3-1\" class=\"accordion-content\" style=\"display: block;\">\n\t\t\t\t\t\t<div style=\"height:50px\"><\/div><div class=\"content-text\"><div class=\"content-text\">\n<p><strong>Elwy Schutten<\/strong>\u00a0wurde 1990 in Winterswijk in den Niederlanden geboren und lebt in Maastricht. 2011 schloss sie ihre Goldschmiedeausbildung an der Berufsschule Schoonhoven ab und absolvierte anschlie\u00dfend einen zweij\u00e4hrigen Schmuckdesign Kurs an der Willem de Kooning Kunstakademie in Rotterdam. Von 2013 bis 2016 studierte sie Schmuckdesign an der Maastricht Academy of Fine Arts &amp; Design, ihren Bachelor bestand sie mit Auszeichnung. W\u00e4hrend ihres Studiums absolvierte sie ein Praktikum bei der Schmuckdesignerin Jasmin Matzakow. 2016 wurde Elwy Schutten f\u00fcr den Henri\u00ebtte Hustinx Preis nominiert. Ihre Arbeiten stellte sie zuletzt bei der Dutch Design Week in Eindhoven, bei der Ausstellung \u201e40 years Gallery Ra\u201c und der Munich Jewellery Week aus.<\/p>\n<p><a href=\"http:\/\/www.elwyschutten.nl\/en\/\" target=\"_blank\" rel=\"noopener\">www.elwyschutten.nl\/en\/<\/a><\/p>\n<\/div>\n<\/div><div style=\"height:50px\"><\/div><div style=\"position:relative;\"><div id=\"slider2\" class=\"amc-gallery amc_slider\"><div><img decoding=\"async\" src=\"https:\/\/www.emma-pf.de\/wp-content\/uploads\/2016\/05\/DSC1842.jpg\" alt=\"\" style=\"height:600px!important;width:auto!important;\"><p><small class=\"amc_caption\">Foto: Winfried Reinhardt\n<\/small><\/p><\/div><div><img decoding=\"async\" src=\"https:\/\/www.emma-pf.de\/wp-content\/uploads\/2021\/01\/DSC3073.jpg\" alt=\"\" style=\"height:600px!important;width:auto!important;\"><p><small class=\"amc_caption\">Foto und Copyright: Winfried Reinhardt\n<\/small><\/p><\/div><div><img decoding=\"async\" src=\"https:\/\/www.emma-pf.de\/wp-content\/uploads\/2021\/01\/DSC2942.jpg\" alt=\"\" style=\"height:600px!important;width:auto!important;\"><p><small class=\"amc_caption\">Foto und Copyright: Winfried Reinhardt\n<\/small><\/p><\/div><\/div><\/div><script type=\"text\/javascript\">\njQuery(document).ready(function($){\n\n    var slider2 = tns({\n        container: '#slider2.amc_slider',\n        controls: true,\n        controlsText: ['<i class=\"fa fa-2x fa-chevron-left\" style=\"color:#000;\"><\/i>', '<i class=\"fa fa-2x fa-chevron-right\" style=\"color:#000;\"><\/i>'],\n        nav: false,\n        autoWidth: true,\n        autoplayButtonOutput: false,\n        autoplay: true,\n        \/\/ items: 1.4,\n        gutter: 30,\n        mouseDrag: true,\n        swipeAngle: false,\n        slideBy: 1,\n        \/\/ navAsThumbnails: true,\n        speed: 400\n    });\n\n});\n<\/script>\n\t\t\t\t<\/div>\n\t\t\t\t<hr>\n\t\t\t<\/article>\n\t\t\t\t\t<\/div>\n<\/section>\n","protected":false},"excerpt":{"rendered":"<p>Array Designers in Residence, Jahrgang 2017, Elwy Schutten, Mathilde Humbert, Miriam Bohnenk\u00e4mper und Or Shachar, Jury 2017 Schmuckkollektion Lernen wir jemand Neues kennen, wissen wir automatisch, wie wir uns verhalten sollen \u2013 durch unsere Kultur wurde uns das vermittelt. Die Kultur lehrt uns, was wir tun und wie wir uns f\u00fchlen sollten. Sie gibt uns [&hellip;]<\/p>\n","protected":false},"author":2,"featured_media":0,"parent":0,"menu_order":92,"comment_status":"closed","ping_status":"closed","template":"","meta":{"_acf_changed":false,"footnotes":""},"class_list":["post-7628","page","type-page","status-publish","hentry"],"acf":[],"_links":{"self":[{"href":"https:\/\/www.emma-pf.de\/en\/wp-json\/wp\/v2\/pages\/7628","targetHints":{"allow":["GET"]}}],"collection":[{"href":"https:\/\/www.emma-pf.de\/en\/wp-json\/wp\/v2\/pages"}],"about":[{"href":"https:\/\/www.emma-pf.de\/en\/wp-json\/wp\/v2\/types\/page"}],"author":[{"embeddable":true,"href":"https:\/\/www.emma-pf.de\/en\/wp-json\/wp\/v2\/users\/2"}],"replies":[{"embeddable":true,"href":"https:\/\/www.emma-pf.de\/en\/wp-json\/wp\/v2\/comments?post=7628"}],"version-history":[{"count":3,"href":"https:\/\/www.emma-pf.de\/en\/wp-json\/wp\/v2\/pages\/7628\/revisions"}],"predecessor-version":[{"id":7785,"href":"https:\/\/www.emma-pf.de\/en\/wp-json\/wp\/v2\/pages\/7628\/revisions\/7785"}],"wp:attachment":[{"href":"https:\/\/www.emma-pf.de\/en\/wp-json\/wp\/v2\/media?parent=7628"}],"curies":[{"name":"wp","href":"https:\/\/api.w.org\/{rel}","templated":true}]}}