{"id":7638,"date":"2022-01-11T16:13:56","date_gmt":"2022-01-11T15:13:56","guid":{"rendered":"https:\/\/www.emma-pf.de\/?page_id=7638"},"modified":"2022-01-28T15:50:56","modified_gmt":"2022-01-28T14:50:56","slug":"vera-stassen","status":"publish","type":"page","link":"https:\/\/www.emma-pf.de\/en\/vera-stassen\/","title":{"rendered":"Vera Stassen"},"content":{"rendered":"Array<nav id=\"section-mzgr-submenu-1\">\n\t<div class=\"col-sm-12 col-md-8 mzgr-submenu-container\">\n\t\t<ul class=\"mzgr-submenu emma-font text-size-1\">\n\t\t\t<li>\n\t\t\t\t<span class=\"purple\">Designers in Residence<\/span><span>, <\/span>\n\t\t\t<\/li>\n\t\t\t\t\t\t<li class=\"\">\n\t\t\t\t\t\t\t\t\t<a href=\"https:\/\/www.emma-pf.de\/en\/designers-in-residence-2016\/\">Jahrgang 2016<\/a><span>, <\/span>\t\t\t<\/li>\n\t\t\t\t\t\t<li class=\"\">\n\t\t\t\t\t\t\t\t\t<a href=\"https:\/\/www.emma-pf.de\/en\/elke-fiebig\/\">Elke Fiebig<\/a><span>, <\/span>\t\t\t<\/li>\n\t\t\t\t\t\t<li class=\"\">\n\t\t\t\t\t\t\t\t\t<a href=\"https:\/\/www.emma-pf.de\/en\/carolina-rebelo-schneider\/\">Carolina Rebelo Schneider<\/a><span>, <\/span>\t\t\t<\/li>\n\t\t\t\t\t\t<li class=\" current_page_item\">\n\t\t\t\t<h1 class=\"text-size-1\">\t\t\t\t\t<a href=\"https:\/\/www.emma-pf.de\/en\/vera-stassen\/\">Vera Stassen<\/a><span>, <\/span><\/h1>\t\t\t<\/li>\n\t\t\t\t\t\t<li class=\"\">\n\t\t\t\t\t\t\t\t\t<a href=\"https:\/\/www.emma-pf.de\/en\/jury-2016\/\">Jury 2016<\/a>\t\t\t<\/li>\n\t\t\t\t\t<\/ul>\n\t\t<div class=\"clearfix\"><\/div>\n\t<\/div>\n<\/nav>\n<section id=\"mzgr-accordion-designer-in-residence-new-2\" class=\"mzgr-accordion-designer-in-residence-new\">\n\t<div class=\"col-sm-12 col-md-8\">\n\t\t\t\t\t\t\t<article>\n\t\t\t\t<a href=\"#\" class=\"toggle-accordion-new\" data-target=\"#element-mzgr-accordion-designer-in-residence-new-2-1\"><i class=\"text-size-1 fa fa-chevron-up\"><\/i> <span class=\"emma-font text-size-1 black\">Schmuck aus Steinkohl<\/span><\/a>\n\t\t\t\t<div id=\"element-mzgr-accordion-designer-in-residence-new-2-1\" class=\"accordion-content\" style=\"display: block;\">\n\t\t\t\t\t\t<div style=\"height:50px\"><\/div><div class=\"content-text\"><p>Vera Stassen verarbeitete eine von ihr entwickelte silizierte Steinkohle zu Schmuck. Vorausgegangen ist eine umfassende Materialstudie, in der sich die Schmuckdesignerin mit der Verbindung des Rohstoffs Kohle mit Silicium, einer bislang nur in der Industrie angewendeten Technik, auseinandergesetzt hat. Durch die Bearbeitung erh\u00e4lt die Steinkohle Best\u00e4ndigkeit und eine \u00e4sthetisch reizvolle Oberfl\u00e4chenbeschaffenheit. Die Silizierung verleiht der Steinkohle ein festes Gef\u00fcge, das urspr\u00fcnglich br\u00fcchige und schw\u00e4rzende Gestein erh\u00e4lt die Eigenschaften eines Edelsteins und wird tragbar.<\/p>\n<\/div><div style=\"height:50px\"><\/div><div style=\"position:relative;\"><div id=\"slider1\" class=\"amc-gallery amc_slider\"><div><img decoding=\"async\" src=\"https:\/\/www.emma-pf.de\/wp-content\/uploads\/2021\/01\/DiR_Beneditkt_Adler_IMG_1595.jpg\" alt=\"\" style=\"height:600px!important;width:auto!important;\"><p><small class=\"amc_caption\">Foto: Benedikt Adler<\/small><\/p><\/div><div><img decoding=\"async\" src=\"https:\/\/www.emma-pf.de\/wp-content\/uploads\/2021\/01\/DiR_Beneditkt_Adler_IMG_2762.jpg\" alt=\"\" style=\"height:600px!important;width:auto!important;\"><\/div><div><img decoding=\"async\" src=\"https:\/\/www.emma-pf.de\/wp-content\/uploads\/2021\/01\/DiR_Beneditkt_Adler_IMG_2608.jpg\" alt=\"\" style=\"height:600px!important;width:auto!important;\"><p><small class=\"amc_caption\">Foto: Benedikt Adler<\/small><\/p><\/div><div><img decoding=\"async\" src=\"https:\/\/www.emma-pf.de\/wp-content\/uploads\/2021\/01\/DSC0525.jpg\" alt=\"\" style=\"height:600px!important;width:auto!important;\"><p><small class=\"amc_caption\">Ver\u00f6ffentlichung nur nach vorheriger Absprache, gegen Honorar und Belegexemplar\n\nFoto und Copyright: Winfried Reinhardt\nKlinglesweg 1\n75228 Ispringen\ninfo@reinhardt-fotografie.de\n(0049)07231 - 984123<\/small><\/p><\/div><div><img decoding=\"async\" src=\"https:\/\/www.emma-pf.de\/wp-content\/uploads\/2021\/01\/DSC0555.jpg\" alt=\"\" style=\"height:600px!important;width:auto!important;\"><p><small class=\"amc_caption\">Foto: Winfried Reinhardt\r\n<\/small><\/p><\/div><div><img decoding=\"async\" src=\"https:\/\/www.emma-pf.de\/wp-content\/uploads\/2021\/01\/DiR_Beneditkt_Adler_IMG_1423.jpg\" alt=\"\" style=\"height:600px!important;width:auto!important;\"><\/div><div><img decoding=\"async\" src=\"https:\/\/www.emma-pf.de\/wp-content\/uploads\/2021\/01\/DiR_Beneditkt_Adler_IMG_1413.jpg\" alt=\"\" style=\"height:600px!important;width:auto!important;\"><p><small class=\"amc_caption\">Foto: Benedikt Adler<\/small><\/p><\/div><div><img decoding=\"async\" src=\"https:\/\/www.emma-pf.de\/wp-content\/uploads\/2021\/01\/DiR_Beneditkt_Adler_IMG_1439.jpg\" alt=\"\" style=\"height:600px!important;width:auto!important;\"><p><small class=\"amc_caption\">Foto: Benedikt Adler<\/small><\/p><\/div><div><img decoding=\"async\" src=\"https:\/\/www.emma-pf.de\/wp-content\/uploads\/2021\/01\/DiR_Beneditkt_Adler_IMG_1568.jpg\" alt=\"\" style=\"height:600px!important;width:auto!important;\"><p><small class=\"amc_caption\">Foto: Benedikt Adler<\/small><\/p><\/div><\/div><\/div><script type=\"text\/javascript\">\njQuery(document).ready(function($){\n\n    var slider1 = tns({\n        container: '#slider1.amc_slider',\n        controls: true,\n        controlsText: ['<i class=\"fa fa-2x fa-chevron-left\" style=\"color:#000;\"><\/i>', '<i class=\"fa fa-2x fa-chevron-right\" style=\"color:#000;\"><\/i>'],\n        nav: false,\n        autoWidth: true,\n        autoplayButtonOutput: false,\n        autoplay: true,\n        \/\/ items: 1.4,\n        gutter: 30,\n        mouseDrag: true,\n        swipeAngle: false,\n        slideBy: 1,\n        \/\/ navAsThumbnails: true,\n        speed: 400\n    });\n\n});\n<\/script>\n\t\t\t\t<\/div>\n\t\t\t\t<hr>\n\t\t\t<\/article>\n\t\t\t\t\t<\/div>\n<\/section>\n<section id=\"mzgr-accordion-designer-in-residence-new-3\" class=\"mzgr-accordion-designer-in-residence-new\">\n\t<div class=\"col-sm-12 col-md-8\">\n\t\t\t\t\t\t\t<article>\n\t\t\t\t<a href=\"#\" class=\"toggle-accordion-new\" data-target=\"#element-mzgr-accordion-designer-in-residence-new-3-1\"><i class=\"text-size-1 fa fa-chevron-up\"><\/i> <span class=\"emma-font text-size-1 black\">Vera Stassen<\/span><\/a>\n\t\t\t\t<div id=\"element-mzgr-accordion-designer-in-residence-new-3-1\" class=\"accordion-content\" style=\"display: block;\">\n\t\t\t\t\t\t<div style=\"height:50px\"><\/div><div class=\"content-text\"><p>Vera Stassen wurde 1986 in Essen geboren und lebt in Krefeld. Vera Stassen absolvierte eine Ausbildung zur Goldschmiedin in Kevelaer und studierte im Anschluss daran Produktdesign an der Hochschule Niederrhein in Krefeld und an der Aalto University in Helsinki, Finnland. Dar\u00fcber hinaus besuchte sie externe Kurse an der Fachhochschule D\u00fcsseldorf, der Folkwang Universit\u00e4t der K\u00fcnste Essen und der K\u00f6ln International School of Design. Seit 2012 erh\u00e4lt Vera Stassen ein Stipendium der Studienstiftung des deutschen Volkes.<\/p>\n<p><a href=\"http:\/\/verastassen.de\/\">verastassen.de\/<\/a><\/p>\n<\/div><div style=\"height:50px\"><\/div><div style=\"position:relative;\"><div id=\"slider2\" class=\"amc-gallery amc_slider\"><div><img decoding=\"async\" src=\"https:\/\/www.emma-pf.de\/wp-content\/uploads\/2021\/01\/DSC7328.jpg\" alt=\"\" style=\"height:600px!important;width:auto!important;\"><p><small class=\"amc_caption\">Foto: Winfried Reinhardt\n<\/small><\/p><\/div><div><img decoding=\"async\" src=\"https:\/\/www.emma-pf.de\/wp-content\/uploads\/2021\/01\/DSC1140.jpg\" alt=\"\" style=\"height:600px!important;width:auto!important;\"><p><small class=\"amc_caption\">Foto: Winfried Reinhardt<\/small><\/p><\/div><div><img decoding=\"async\" src=\"https:\/\/www.emma-pf.de\/wp-content\/uploads\/2021\/01\/DSC3203.jpg\" alt=\"\" style=\"height:600px!important;width:auto!important;\"><p><small class=\"amc_caption\">Foto: Winfried Reinhardt<\/small><\/p><\/div><div><img decoding=\"async\" src=\"https:\/\/www.emma-pf.de\/wp-content\/uploads\/2021\/01\/DSC3229.jpg\" alt=\"\" style=\"height:600px!important;width:auto!important;\"><p><small class=\"amc_caption\">Foto: Winfried Reinhardt<\/small><\/p><\/div><div><img decoding=\"async\" src=\"https:\/\/www.emma-pf.de\/wp-content\/uploads\/2021\/01\/DSC3381.jpg\" alt=\"\" style=\"height:600px!important;width:auto!important;\"><p><small class=\"amc_caption\">Foto: Winfried Reinhardt<\/small><\/p><\/div><\/div><\/div><script type=\"text\/javascript\">\njQuery(document).ready(function($){\n\n    var slider2 = tns({\n        container: '#slider2.amc_slider',\n        controls: true,\n        controlsText: ['<i class=\"fa fa-2x fa-chevron-left\" style=\"color:#000;\"><\/i>', '<i class=\"fa fa-2x fa-chevron-right\" style=\"color:#000;\"><\/i>'],\n        nav: false,\n        autoWidth: true,\n        autoplayButtonOutput: false,\n        autoplay: true,\n        \/\/ items: 1.4,\n        gutter: 30,\n        mouseDrag: true,\n        swipeAngle: false,\n        slideBy: 1,\n        \/\/ navAsThumbnails: true,\n        speed: 400\n    });\n\n});\n<\/script>\n\t\t\t\t<\/div>\n\t\t\t\t<hr>\n\t\t\t<\/article>\n\t\t\t\t\t<\/div>\n<\/section>\n","protected":false},"excerpt":{"rendered":"<p>Array Designers in Residence, Jahrgang 2016, Elke Fiebig, Carolina Rebelo Schneider, Vera Stassen, Jury 2016 Schmuck aus Steinkohl Vera Stassen verarbeitete eine von ihr entwickelte silizierte Steinkohle zu Schmuck. Vorausgegangen ist eine umfassende Materialstudie, in der sich die Schmuckdesignerin mit der Verbindung des Rohstoffs Kohle mit Silicium, einer bislang nur in der Industrie angewendeten Technik, [&hellip;]<\/p>\n","protected":false},"author":2,"featured_media":0,"parent":0,"menu_order":87,"comment_status":"closed","ping_status":"closed","template":"","meta":{"_acf_changed":false,"footnotes":""},"class_list":["post-7638","page","type-page","status-publish","hentry"],"acf":[],"_links":{"self":[{"href":"https:\/\/www.emma-pf.de\/en\/wp-json\/wp\/v2\/pages\/7638","targetHints":{"allow":["GET"]}}],"collection":[{"href":"https:\/\/www.emma-pf.de\/en\/wp-json\/wp\/v2\/pages"}],"about":[{"href":"https:\/\/www.emma-pf.de\/en\/wp-json\/wp\/v2\/types\/page"}],"author":[{"embeddable":true,"href":"https:\/\/www.emma-pf.de\/en\/wp-json\/wp\/v2\/users\/2"}],"replies":[{"embeddable":true,"href":"https:\/\/www.emma-pf.de\/en\/wp-json\/wp\/v2\/comments?post=7638"}],"version-history":[{"count":3,"href":"https:\/\/www.emma-pf.de\/en\/wp-json\/wp\/v2\/pages\/7638\/revisions"}],"predecessor-version":[{"id":7795,"href":"https:\/\/www.emma-pf.de\/en\/wp-json\/wp\/v2\/pages\/7638\/revisions\/7795"}],"wp:attachment":[{"href":"https:\/\/www.emma-pf.de\/en\/wp-json\/wp\/v2\/media?parent=7638"}],"curies":[{"name":"wp","href":"https:\/\/api.w.org\/{rel}","templated":true}]}}