{"id":8820,"date":"2022-12-15T15:04:07","date_gmt":"2022-12-15T14:04:07","guid":{"rendered":"https:\/\/www.emma-pf.de\/?page_id=8820"},"modified":"2022-12-16T09:58:35","modified_gmt":"2022-12-16T08:58:35","slug":"jury-2023","status":"publish","type":"page","link":"https:\/\/www.emma-pf.de\/en\/jury-2023\/","title":{"rendered":"Jury 2023"},"content":{"rendered":"Array<nav id=\"section-mzgr-submenu-1\">\n\t<div class=\"col-sm-12 col-md-8 mzgr-submenu-container\">\n\t\t<ul class=\"mzgr-submenu emma-font text-size-1\">\n\t\t\t<li>\n\t\t\t\t<span class=\"purple\">Designers in Residence<\/span><span>, <\/span>\n\t\t\t<\/li>\n\t\t\t\t\t\t<li class=\"\">\n\t\t\t\t\t\t\t\t\t<a href=\"https:\/\/www.emma-pf.de\/en\/jahrgang-2023\/\">2023<\/a><span>, <\/span>\t\t\t<\/li>\n\t\t\t\t\t\t<li class=\" current_page_item\">\n\t\t\t\t<h1 class=\"text-size-1\">\t\t\t\t\t<a href=\"https:\/\/www.emma-pf.de\/en\/jury-2023\/\">Jury 2023<\/a><span>, <\/span><\/h1>\t\t\t<\/li>\n\t\t\t\t\t\t<li class=\"\">\n\t\t\t\t\t\t\t\t\t<a href=\"https:\/\/www.emma-pf.de\/en\/andrea-de-la-pena\/\">Andrea De La Pe\u00f1a<\/a><span>, <\/span>\t\t\t<\/li>\n\t\t\t\t\t\t<li class=\"\">\n\t\t\t\t\t\t\t\t\t<a href=\"https:\/\/www.emma-pf.de\/en\/xin-liu\/\">Xin Liu<\/a><span>, <\/span>\t\t\t<\/li>\n\t\t\t\t\t\t<li class=\"\">\n\t\t\t\t\t\t\t\t\t<a href=\"https:\/\/www.emma-pf.de\/en\/leen-stoffels\/\">Leen Stoffels<\/a>\t\t\t<\/li>\n\t\t\t\t\t<\/ul>\n\t\t<div class=\"clearfix\"><\/div>\n\t<\/div>\n<\/nav>\n<section id=\"mzgr-content-space-1-2\" class=\"op-section mzgr-content-space-1\" style=\"height: 100px;\"><\/section>\n<section id=\"mzgr-accordion-designer-in-residence-new-3\" class=\"mzgr-accordion-designer-in-residence-new\">\n\t<div class=\"col-sm-12 col-md-8\">\n\t\t\t\t\t\t\t<article>\n\t\t\t\t<a href=\"#\" class=\"toggle-accordion-new\" data-target=\"#element-mzgr-accordion-designer-in-residence-new-3-1\"><i class=\"text-size-1 fa fa-chevron-up\"><\/i> <span class=\"emma-font text-size-1 black\">Jury<\/span><\/a>\n\t\t\t\t<div id=\"element-mzgr-accordion-designer-in-residence-new-3-1\" class=\"accordion-content\" style=\"display: block;\">\n\t\t\t\t\t\t<div class=\"content-text\"><div class=\"content-text\">\n<h3><strong>Louise Bennetts, Modedesignerin, Dozentin MA Fashion, Royal College of Art, London<\/strong><\/h3>\n<p>Louise Bennetts schloss 2014 ihren MA Mode am Royal College of Art in London ab. Anschlie\u00dfend arbeitete sie als Designerin f\u00fcr Roksanda und Faye und Erica Toogood, f\u00fcr die sie immer noch freiberuflich t\u00e4tig ist. Weiterhin entwarf sie Tanzkost\u00fcme f\u00fcr Hofesh Shechter und Scarabeus. Sie wirkte an der Materialforschung und -entwicklung f\u00fcr den K\u00fcnstler Do Ho Suh mit und arbeitet derzeit mit der Tate Modern zusammen.<br \/>\nSeit 2021 leitet Louise Bennetts zudem die Forschungs- und Entwicklungsabteilung von ReWeave, einem Beratungsunternehmen f\u00fcr Textildesign, das mit Marken zusammenarbeitet, um neue Stoffe aus ihren eigenen Produktionsabf\u00e4llen herzustellen. Sie h\u00e4lt Vorlesungen f\u00fcr die RCA MA Fashion Plattform Future Fashion Systems und forscht am Material Science Research Centre.<\/p>\n<\/div>\n<\/div><div style=\"height:25px\"><\/div><div style=\"position:relative;\"><div id=\"slider1\" class=\"amc-gallery amc_slider\"><div><img decoding=\"async\" src=\"https:\/\/www.emma-pf.de\/wp-content\/uploads\/2022\/12\/Louise-Bennetts.jpg\" alt=\"\" style=\"height:600px!important;width:auto!important;\"><\/div><\/div><\/div><script type=\"text\/javascript\">\njQuery(document).ready(function($){\n\n    var slider1 = tns({\n        container: '#slider1.amc_slider',\n        controls: true,\n        controlsText: ['<i class=\"fa fa-2x fa-chevron-left\" style=\"color:#000;\"><\/i>', '<i class=\"fa fa-2x fa-chevron-right\" style=\"color:#000;\"><\/i>'],\n        nav: false,\n        autoWidth: true,\n        autoplayButtonOutput: false,\n        autoplay: true,\n        \/\/ items: 1.4,\n        gutter: 30,\n        mouseDrag: true,\n        swipeAngle: false,\n        slideBy: 1,\n        \/\/ navAsThumbnails: true,\n        speed: 400\n    });\n\n});\n<\/script>\n<div style=\"height:50px\"><\/div><div class=\"content-text\"><h3><strong>Frederike Kintscher, Industriedesignerin, Verband Deutscher Industriedesigner<\/strong><\/h3>\n<p>Frederike Kintscher hat Industrial Design an der Bergischen Universit\u00e4t in Wuppertal studiert und den Master of Science in Product Design am Art Center College of Design, Pasadena, CA, USA absolviert. Sie engagiert sich im Verband Deutscher Industrie Designer \u2013 VDID e.V. und vertritt diesen seit 2018 im Deutschen Designtag e.V., als Vizesprecherin im Kulturrat e.V. und im BEDA Bureau of European Design Associations, in der Leitung des Rats f\u00fcr Europa\/Internationales des Deutschen Designtages. Dabei ist sie eine aktive Mitstreiterin f\u00fcr die Themen Werte, Nachhaltigkeit und Zukunftsorientierung durch Design. Sie betreibt ein eigenes Atelier in Berlin.<\/p>\n<\/div><div style=\"height:25px\"><\/div><div style=\"position:relative;\"><div id=\"slider2\" class=\"amc-gallery amc_slider\"><div><img decoding=\"async\" src=\"https:\/\/www.emma-pf.de\/wp-content\/uploads\/2022\/12\/Frederike-Kintscher.jpg\" alt=\"\" style=\"height:600px!important;width:auto!important;\"><\/div><\/div><\/div><script type=\"text\/javascript\">\njQuery(document).ready(function($){\n\n    var slider2 = tns({\n        container: '#slider2.amc_slider',\n        controls: true,\n        controlsText: ['<i class=\"fa fa-2x fa-chevron-left\" style=\"color:#000;\"><\/i>', '<i class=\"fa fa-2x fa-chevron-right\" style=\"color:#000;\"><\/i>'],\n        nav: false,\n        autoWidth: true,\n        autoplayButtonOutput: false,\n        autoplay: true,\n        \/\/ items: 1.4,\n        gutter: 30,\n        mouseDrag: true,\n        swipeAngle: false,\n        slideBy: 1,\n        \/\/ navAsThumbnails: true,\n        speed: 400\n    });\n\n});\n<\/script>\n<div style=\"height:50px\"><\/div><div class=\"content-text\"><h3><strong>Karen Pontoppidan, Schmuckk\u00fcnstlerin, Pr\u00e4sidentin der Akademie der Feinen K\u00fcnste, M\u00fcnchen<\/strong><\/h3>\n<p>Karen Pontoppidan, 1968 in D\u00e4nemark geboren, ist eine der renommiertesten Schmuckk\u00fcnstlerinnen ihrer Generation. Neben zahlreichen Einzel- und Gruppenausstellungen in Museen und Galerien weltweit, ist Karen Pontoppidan auch als Kuratorin und Autorin t\u00e4tig. Sie ist ausgebildet als Formgeberin f\u00fcr Schmuck und Ger\u00e4t, Schw\u00e4bisch Gm\u00fcnd 1991, und schloss 1998 das Studium in der Klasse von Prof. Otto K\u00fcnzli an der Akademie der Bildenden K\u00fcnste M\u00fcnchen mit Diplom ab. Von 2006 bis 2015 war sie Professorin f\u00fcr Schmuck und Ger\u00e4t am \u00c4dellab, Konstfack University College of Arts, Crafts and Design in Stockholm. 2015 wurde Karen Pontoppidan als Professorin f\u00fcr Goldschmiedekunst an die Akademie der Bildenden K\u00fcnste M\u00fcnchen berufen und 2022 zu deren Pr\u00e4sidentin gew\u00e4hlt. Karen Pontoppidan lebt und arbeitet in M\u00fcnchen.<\/p>\n<\/div><div style=\"position:relative;\"><div id=\"slider3\" class=\"amc-gallery amc_slider\"><div><img decoding=\"async\" src=\"https:\/\/www.emma-pf.de\/wp-content\/uploads\/2022\/12\/Karen-Pontoppidan-scaled.jpg\" alt=\"\" style=\"height:600px!important;width:auto!important;\"><\/div><\/div><\/div><script type=\"text\/javascript\">\njQuery(document).ready(function($){\n\n    var slider3 = tns({\n        container: '#slider3.amc_slider',\n        controls: true,\n        controlsText: ['<i class=\"fa fa-2x fa-chevron-left\" style=\"color:#000;\"><\/i>', '<i class=\"fa fa-2x fa-chevron-right\" style=\"color:#000;\"><\/i>'],\n        nav: false,\n        autoWidth: true,\n        autoplayButtonOutput: false,\n        autoplay: true,\n        \/\/ items: 1.4,\n        gutter: 30,\n        mouseDrag: true,\n        swipeAngle: false,\n        slideBy: 1,\n        \/\/ navAsThumbnails: true,\n        speed: 400\n    });\n\n});\n<\/script>\n\t\t\t\t<\/div>\n\t\t\t\t<hr>\n\t\t\t<\/article>\n\t\t\t\t\t<\/div>\n<\/section>\n","protected":false},"excerpt":{"rendered":"<p>Array Designers in Residence, 2023, Jury 2023, Andrea De La Pe\u00f1a, Xin Liu, Leen Stoffels Jury Louise Bennetts, Modedesignerin, Dozentin MA Fashion, Royal College of Art, London Louise Bennetts schloss 2014 ihren MA Mode am Royal College of Art in London ab. Anschlie\u00dfend arbeitete sie als Designerin f\u00fcr Roksanda und Faye und Erica Toogood, f\u00fcr [&hellip;]<\/p>\n","protected":false},"author":2,"featured_media":0,"parent":0,"menu_order":33,"comment_status":"closed","ping_status":"closed","template":"","meta":{"_acf_changed":false,"footnotes":""},"class_list":["post-8820","page","type-page","status-publish","hentry"],"acf":[],"_links":{"self":[{"href":"https:\/\/www.emma-pf.de\/en\/wp-json\/wp\/v2\/pages\/8820","targetHints":{"allow":["GET"]}}],"collection":[{"href":"https:\/\/www.emma-pf.de\/en\/wp-json\/wp\/v2\/pages"}],"about":[{"href":"https:\/\/www.emma-pf.de\/en\/wp-json\/wp\/v2\/types\/page"}],"author":[{"embeddable":true,"href":"https:\/\/www.emma-pf.de\/en\/wp-json\/wp\/v2\/users\/2"}],"replies":[{"embeddable":true,"href":"https:\/\/www.emma-pf.de\/en\/wp-json\/wp\/v2\/comments?post=8820"}],"version-history":[{"count":2,"href":"https:\/\/www.emma-pf.de\/en\/wp-json\/wp\/v2\/pages\/8820\/revisions"}],"predecessor-version":[{"id":8822,"href":"https:\/\/www.emma-pf.de\/en\/wp-json\/wp\/v2\/pages\/8820\/revisions\/8822"}],"wp:attachment":[{"href":"https:\/\/www.emma-pf.de\/en\/wp-json\/wp\/v2\/media?parent=8820"}],"curies":[{"name":"wp","href":"https:\/\/api.w.org\/{rel}","templated":true}]}}