{"id":9234,"date":"2023-08-08T15:01:42","date_gmt":"2023-08-08T13:01:42","guid":{"rendered":"https:\/\/www.emma-pf.de\/?page_id=9234"},"modified":"2024-08-08T13:43:09","modified_gmt":"2024-08-08T11:43:09","slug":"jury-2024","status":"publish","type":"page","link":"https:\/\/www.emma-pf.de\/en\/jury-2024\/","title":{"rendered":"Jury 2024"},"content":{"rendered":"Array<nav id=\"section-mzgr-submenu-1\">\n\t<div class=\"col-sm-12 col-md-8 mzgr-submenu-container\">\n\t\t<ul class=\"mzgr-submenu emma-font text-size-1\">\n\t\t\t<li>\n\t\t\t\t<span class=\"purple\">Jury 2024<\/span><span>, <\/span>\n\t\t\t<\/li>\n\t\t\t\t\t\t<li class=\"\">\n\t\t\t\t\t\t\t\t\t<a href=\"https:\/\/www.emma-pf.de\/en\/jahrgang-2024\/\">2024<\/a><span>, <\/span>\t\t\t<\/li>\n\t\t\t\t\t\t<li class=\" current_page_item\">\n\t\t\t\t<h1 class=\"text-size-1\">\t\t\t\t\t<a href=\"https:\/\/www.emma-pf.de\/en\/jury-2024\/\">Jury 2024<\/a><span>, <\/span><\/h1>\t\t\t<\/li>\n\t\t\t\t\t\t<li class=\"\">\n\t\t\t\t\t\t\t\t\t<a href=\"https:\/\/www.emma-pf.de\/en\/9497-2\/\">Alejandra Alarc\u00f3n<\/a><span>, <\/span>\t\t\t<\/li>\n\t\t\t\t\t\t<li class=\"\">\n\t\t\t\t\t\t\t\t\t<a href=\"https:\/\/www.emma-pf.de\/en\/elisa-lutteral\/\">Elisa Lutteral<\/a><span>, <\/span>\t\t\t<\/li>\n\t\t\t\t\t\t<li class=\"\">\n\t\t\t\t\t\t\t\t\t<a href=\"https:\/\/www.emma-pf.de\/en\/simon-rogalla\/\">Simon Rogalla<\/a>\t\t\t<\/li>\n\t\t\t\t\t<\/ul>\n\t\t<div class=\"clearfix\"><\/div>\n\t<\/div>\n<\/nav>\n<section id=\"mzgr-accordion-designer-in-residence-new-2\" class=\"mzgr-accordion-designer-in-residence-new\">\n\t<div class=\"col-sm-12 col-md-8\">\n\t\t\t\t\t\t\t<article>\n\t\t\t\t<a href=\"#\" class=\"toggle-accordion-new\" data-target=\"#element-mzgr-accordion-designer-in-residence-new-2-1\"><i class=\"text-size-1 fa fa-chevron-up\"><\/i> <span class=\"emma-font text-size-1 black\">Jury<\/span><\/a>\n\t\t\t\t<div id=\"element-mzgr-accordion-designer-in-residence-new-2-1\" class=\"accordion-content\" style=\"display: block;\">\n\t\t\t\t\t\t<div class=\"content-text\"><h3><strong>Louise Bennetts, Modedesignerin, Dozentin MA Fashion, Royal College of Art, London<\/strong><\/h3>\n<p>Louise Bennetts ist Designerin, Forscherin, Produzentin und Dozentin, die sich auf Forschung und Entwicklung im Bereich zuk\u00fcnftiger Mode- und Textilsysteme und nachhaltige Innovation spezialisiert hat. Zu ihren Kunden geh\u00f6ren das interdisziplin\u00e4re Designstudio Toogood und die Modedesignerin Roksanda Illin\u010di\u0107. Von 2021-23 leitete sie die Forschungs- und Entwicklungsabteilung f\u00fcr das nachhaltige Textilinnovationsstudio ReWeave und arbeitete 2023 an der Entwicklung von Fine-Art-Textilien f\u00fcr die Tate Modern. Sie hat am Royal College of Art in London und am Edinburgh Collage of Art unterrichtet. Derzeit ist sie Ko-Kuratorin der State of Fashion Biennale 2024 in Arnheim, Niederlande.<\/p>\n<p><u>\u00a0<\/u><\/p>\n<\/div><div style=\"height:25px\"><\/div><div style=\"position:relative;\"><div id=\"slider1\" class=\"amc-gallery amc_slider\"><div><img decoding=\"async\" src=\"https:\/\/www.emma-pf.de\/wp-content\/uploads\/2023\/08\/Louise-Bennetts.jpg\" alt=\"\" style=\"height:600px!important;width:auto!important;\"><\/div><\/div><\/div><script type=\"text\/javascript\">\njQuery(document).ready(function($){\n\n    var slider1 = tns({\n        container: '#slider1.amc_slider',\n        controls: true,\n        controlsText: ['<i class=\"fa fa-2x fa-chevron-left\" style=\"color:#000;\"><\/i>', '<i class=\"fa fa-2x fa-chevron-right\" style=\"color:#000;\"><\/i>'],\n        nav: false,\n        autoWidth: true,\n        autoplayButtonOutput: false,\n        autoplay: true,\n        \/\/ items: 1.4,\n        gutter: 30,\n        mouseDrag: true,\n        swipeAngle: false,\n        slideBy: 1,\n        \/\/ navAsThumbnails: true,\n        speed: 400\n    });\n\n});\n<\/script>\n<div style=\"height:50px\"><\/div><div class=\"content-text\"><h3><strong>Romin Heide, Produktdesigner<\/strong><\/h3>\n<p>Romin Heide studierte Produktdesign an der Hochschule Coburg mit Gastsemestern an der Kunsthochschule Berlin Wei\u00dfensee und der ENSCI|Les Aterliers in Paris. Gemeinsam mit Hanna Litwin betreibt er seit 2012 das Designstudio B\u00dcRO FAMOS in Berlin. Die Arbeit des Studios umfasst Projekte mit unterschiedlichsten Materialien in den Bereichen M\u00f6bel, Leuchten und Accessoires und wurde unter anderem mit dem Apolline Preis der Grassi Messe Leipzig und dem Red Dot Award ausgezeichnet.<\/p>\n<p>Das langj\u00e4hrige Engagement Romin Heides im Verband Deutscher Industrie Designer &#8211; VDID e.V. beinhaltete unter anderem den Mitaufbau des VDIDlab, der Nachwuchsorganisation des Verbandes.<\/p>\n<p>Seit 2015 nahm er zudem Lehrauftr\u00e4ge an verschiedenen Hochschulen &#8211; unter anderem der Burg Giebichenstein Kunsthochschule Halle &#8211; wahr, sowie zuletzt eine Vertretungsprofessur an der Angewandten Kunst Schneeberg.<\/p>\n<\/div><div style=\"height:25px\"><\/div><div style=\"position:relative;\"><div id=\"slider2\" class=\"amc-gallery amc_slider\"><div><img decoding=\"async\" src=\"https:\/\/www.emma-pf.de\/wp-content\/uploads\/2023\/08\/Romin_Heide-scaled.jpg\" alt=\"\" style=\"height:600px!important;width:auto!important;\"><\/div><\/div><\/div><script type=\"text\/javascript\">\njQuery(document).ready(function($){\n\n    var slider2 = tns({\n        container: '#slider2.amc_slider',\n        controls: true,\n        controlsText: ['<i class=\"fa fa-2x fa-chevron-left\" style=\"color:#000;\"><\/i>', '<i class=\"fa fa-2x fa-chevron-right\" style=\"color:#000;\"><\/i>'],\n        nav: false,\n        autoWidth: true,\n        autoplayButtonOutput: false,\n        autoplay: true,\n        \/\/ items: 1.4,\n        gutter: 30,\n        mouseDrag: true,\n        swipeAngle: false,\n        slideBy: 1,\n        \/\/ navAsThumbnails: true,\n        speed: 400\n    });\n\n});\n<\/script>\n<div style=\"height:50px\"><\/div><div class=\"content-text\"><h3><strong>Jiro Kamata<\/strong><\/h3>\n<p>Jiro Kamata, 1978 in Japan geboren, lebt und arbeitet in M\u00fcnchen. Er studierte am Yamanashi Institute of Gemology and Jewelry Art in Kofu, Japan und an der Hochschule Pforzheim. Anschlie\u00dfend studierte er bei Otto K\u00fcnzli an der Akademie der bildenden K\u00fcnste in M\u00fcnchen. Seine Arbeiten wurden international ausgestellt und befinden sich in mehreren privaten und \u00f6ffentlichen Sammlungen, wie z.B. in der Pinakothek der Moderne in M\u00fcnchen, dem Grassi Museum f\u00fcr Angewandte Kunst, Leipzig, dem Cooper Hewitt Design Museum, USA oder dem Victoria &amp; Albert Museum, UK.<\/p>\n<\/div><div style=\"height:25px\"><\/div><div style=\"position:relative;\"><div id=\"slider3\" class=\"amc-gallery amc_slider\"><div><img decoding=\"async\" src=\"https:\/\/www.emma-pf.de\/wp-content\/uploads\/2023\/08\/Foto-DiR-Jury-2024-Jiro-Kamata-scaled.jpg\" alt=\"\" style=\"height:600px!important;width:auto!important;\"><\/div><\/div><\/div><script type=\"text\/javascript\">\njQuery(document).ready(function($){\n\n    var slider3 = tns({\n        container: '#slider3.amc_slider',\n        controls: true,\n        controlsText: ['<i class=\"fa fa-2x fa-chevron-left\" style=\"color:#000;\"><\/i>', '<i class=\"fa fa-2x fa-chevron-right\" style=\"color:#000;\"><\/i>'],\n        nav: false,\n        autoWidth: true,\n        autoplayButtonOutput: false,\n        autoplay: true,\n        \/\/ items: 1.4,\n        gutter: 30,\n        mouseDrag: true,\n        swipeAngle: false,\n        slideBy: 1,\n        \/\/ navAsThumbnails: true,\n        speed: 400\n    });\n\n});\n<\/script>\n\t\t\t\t<\/div>\n\t\t\t\t<hr>\n\t\t\t<\/article>\n\t\t\t\t\t<\/div>\n<\/section>\n","protected":false},"excerpt":{"rendered":"<p>Array Jury 2024, 2024, Jury 2024, Alejandra Alarc\u00f3n, Elisa Lutteral, Simon Rogalla Jury Louise Bennetts, Modedesignerin, Dozentin MA Fashion, Royal College of Art, London Louise Bennetts ist Designerin, Forscherin, Produzentin und Dozentin, die sich auf Forschung und Entwicklung im Bereich zuk\u00fcnftiger Mode- und Textilsysteme und nachhaltige Innovation spezialisiert hat. Zu ihren Kunden geh\u00f6ren das interdisziplin\u00e4re [&hellip;]<\/p>\n","protected":false},"author":2,"featured_media":0,"parent":0,"menu_order":7,"comment_status":"closed","ping_status":"closed","template":"","meta":{"_acf_changed":false,"footnotes":""},"class_list":["post-9234","page","type-page","status-publish","hentry"],"acf":[],"_links":{"self":[{"href":"https:\/\/www.emma-pf.de\/en\/wp-json\/wp\/v2\/pages\/9234","targetHints":{"allow":["GET"]}}],"collection":[{"href":"https:\/\/www.emma-pf.de\/en\/wp-json\/wp\/v2\/pages"}],"about":[{"href":"https:\/\/www.emma-pf.de\/en\/wp-json\/wp\/v2\/types\/page"}],"author":[{"embeddable":true,"href":"https:\/\/www.emma-pf.de\/en\/wp-json\/wp\/v2\/users\/2"}],"replies":[{"embeddable":true,"href":"https:\/\/www.emma-pf.de\/en\/wp-json\/wp\/v2\/comments?post=9234"}],"version-history":[{"count":5,"href":"https:\/\/www.emma-pf.de\/en\/wp-json\/wp\/v2\/pages\/9234\/revisions"}],"predecessor-version":[{"id":10141,"href":"https:\/\/www.emma-pf.de\/en\/wp-json\/wp\/v2\/pages\/9234\/revisions\/10141"}],"wp:attachment":[{"href":"https:\/\/www.emma-pf.de\/en\/wp-json\/wp\/v2\/media?parent=9234"}],"curies":[{"name":"wp","href":"https:\/\/api.w.org\/{rel}","templated":true}]}}